{"id":11499,"date":"2019-01-15T10:37:12","date_gmt":"2019-01-15T10:37:12","guid":{"rendered":"https:\/\/danskwilton.com\/references\/le-laperouse\/"},"modified":"2019-01-15T10:40:40","modified_gmt":"2019-01-15T10:40:40","slug":"le-laperouse","status":"publish","type":"page","link":"https:\/\/danskwilton.com\/de\/references\/le-laperouse\/","title":{"rendered":"Le Lap\u00e9rouse"},"content":{"rendered":"[vc_row type=&#8220;in_container&#8220; full_screen_row_position=&#8220;middle&#8220; scene_position=&#8220;center&#8220; text_color=&#8220;dark&#8220; text_align=&#8220;left&#8220; overlay_strength=&#8220;0.3&#8243; shape_divider_position=&#8220;bottom&#8220;][vc_column column_padding=&#8220;no-extra-padding&#8220; column_padding_position=&#8220;all&#8220; background_color_opacity=&#8220;1&#8243; background_hover_color_opacity=&#8220;1&#8243; column_shadow=&#8220;none&#8220; column_border_radius=&#8220;none&#8220; width=&#8220;1\/4&#8243; tablet_text_alignment=&#8220;default&#8220; phone_text_alignment=&#8220;default&#8220; column_border_width=&#8220;none&#8220; column_border_style=&#8220;solid&#8220;][\/vc_column][vc_column column_padding=&#8220;no-extra-padding&#8220; column_padding_position=&#8220;all&#8220; background_color_opacity=&#8220;1&#8243; background_hover_color_opacity=&#8220;1&#8243; column_shadow=&#8220;none&#8220; column_border_radius=&#8220;none&#8220; width=&#8220;1\/2&#8243; tablet_text_alignment=&#8220;default&#8220; phone_text_alignment=&#8220;default&#8220; column_border_width=&#8220;none&#8220; column_border_style=&#8220;solid&#8220;][vc_column_text]\n<h1 style=\"text-align: center;\"><strong><a href=\"https:\/\/danskwilton.com\/de\/references\/\">REFERENFEN<\/a>\u00a0\/<br \/>\n<\/strong>LE LAP\u00c9ROUSE<\/h1>\n[\/vc_column_text][\/vc_column][vc_column column_padding=&#8220;no-extra-padding&#8220; column_padding_position=&#8220;all&#8220; background_color_opacity=&#8220;1&#8243; background_hover_color_opacity=&#8220;1&#8243; column_shadow=&#8220;none&#8220; column_border_radius=&#8220;none&#8220; width=&#8220;1\/4&#8243; tablet_text_alignment=&#8220;default&#8220; phone_text_alignment=&#8220;default&#8220; column_border_width=&#8220;none&#8220; column_border_style=&#8220;solid&#8220;][\/vc_column][\/vc_row][vc_row type=&#8220;in_container&#8220; full_screen_row_position=&#8220;middle&#8220; scene_position=&#8220;center&#8220; text_color=&#8220;dark&#8220; text_align=&#8220;left&#8220; overlay_strength=&#8220;0.3&#8243; shape_divider_position=&#8220;bottom&#8220;][vc_column column_padding=&#8220;no-extra-padding&#8220; column_padding_position=&#8220;all&#8220; background_color_opacity=&#8220;1&#8243; background_hover_color_opacity=&#8220;1&#8243; column_shadow=&#8220;none&#8220; column_border_radius=&#8220;none&#8220; width=&#8220;1\/1&#8243; tablet_text_alignment=&#8220;default&#8220; phone_text_alignment=&#8220;default&#8220; column_border_width=&#8220;none&#8220; column_border_style=&#8220;solid&#8220;][vc_row type=\"in_container\" class=\"top-action-icons\" full_screen_row_position=\"middle\" scene_position=\"center\" text_color=\"dark\" text_align=\"left\" overlay_strength=\"0.3\" shape_divider_position=\"bottom\"][vc_column column_padding=\"no-extra-padding\" column_padding_position=\"all\" background_color_opacity=\"1\" background_hover_color_opacity=\"1\" column_shadow=\"none\" column_border_radius=\"none\" el_class=\"action-icons-bar responsive_link_back flex-center\" width=\"1\/1\" tablet_text_alignment=\"default\" phone_text_alignment=\"default\" column_border_width=\"none\" column_border_style=\"solid\"][vc_row_inner column_margin=\"default\" text_align=\"left\"][vc_column_inner column_padding=\"no-extra-padding\" column_padding_position=\"all\" background_color_opacity=\"1\" background_hover_color_opacity=\"1\" column_shadow=\"none\" column_border_radius=\"none\" width=\"1\/1\" column_border_width=\"none\" column_border_style=\"solid\"][nectar_icon icon_family=\"linea\" icon_style=\"default\" icon_color=\"Extra-Color-3\" icon_padding=\"0px\" icon_linea=\"icon-arrows-slim-left\" icon_size=\"30\" url=\"https:\/\/danskwilton.com\/de\/references\/\"][\/vc_column_inner][\/vc_row_inner][\/vc_column][\/vc_row][\/vc_column][\/vc_row][vc_row type=&#8220;in_container&#8220; full_screen_row_position=&#8220;middle&#8220; scene_position=&#8220;center&#8220; text_color=&#8220;dark&#8220; text_align=&#8220;left&#8220; overlay_strength=&#8220;0.3&#8243; shape_divider_position=&#8220;bottom&#8220;][vc_column centered_text=&#8220;true&#8220; column_padding=&#8220;no-extra-padding&#8220; column_padding_position=&#8220;all&#8220; background_color_opacity=&#8220;1&#8243; background_hover_color_opacity=&#8220;1&#8243; column_shadow=&#8220;none&#8220; column_border_radius=&#8220;none&#8220; width=&#8220;1\/1&#8243; tablet_text_alignment=&#8220;default&#8220; phone_text_alignment=&#8220;default&#8220; column_border_width=&#8220;none&#8220; column_border_style=&#8220;solid&#8220;][vc_video link=&#8220;https:\/\/www.youtube.com\/watch?v=OxC56j8CWdo&amp;t=1s&#8220;][\/vc_column][\/vc_row][vc_row type=&#8220;in_container&#8220; full_screen_row_position=&#8220;middle&#8220; scene_position=&#8220;center&#8220; text_color=&#8220;dark&#8220; text_align=&#8220;left&#8220; overlay_strength=&#8220;0.3&#8243; shape_divider_position=&#8220;bottom&#8220;][vc_column column_padding=&#8220;no-extra-padding&#8220; column_padding_position=&#8220;all&#8220; background_color_opacity=&#8220;1&#8243; background_hover_color_opacity=&#8220;1&#8243; column_shadow=&#8220;none&#8220; column_border_radius=&#8220;none&#8220; width=&#8220;1\/6&#8243; tablet_text_alignment=&#8220;default&#8220; phone_text_alignment=&#8220;default&#8220; column_border_width=&#8220;none&#8220; column_border_style=&#8220;solid&#8220;][\/vc_column][vc_column column_padding=&#8220;no-extra-padding&#8220; column_padding_position=&#8220;all&#8220; background_color_opacity=&#8220;1&#8243; background_hover_color_opacity=&#8220;1&#8243; column_shadow=&#8220;none&#8220; column_border_radius=&#8220;none&#8220; top_margin=&#8220;70&#8243; bottom_margin=&#8220;30&#8243; width=&#8220;2\/3&#8243; tablet_text_alignment=&#8220;default&#8220; phone_text_alignment=&#8220;default&#8220; column_border_width=&#8220;none&#8220; column_border_style=&#8220;solid&#8220;][divider line_type=&#8220;Full Width Line&#8220; line_thickness=&#8220;1&#8243; divider_color=&#8220;accent-color&#8220; custom_height=&#8220;1&#8243;][\/vc_column][vc_column column_padding=&#8220;no-extra-padding&#8220; column_padding_position=&#8220;all&#8220; background_color_opacity=&#8220;1&#8243; background_hover_color_opacity=&#8220;1&#8243; column_shadow=&#8220;none&#8220; column_border_radius=&#8220;none&#8220; width=&#8220;1\/6&#8243; tablet_text_alignment=&#8220;default&#8220; phone_text_alignment=&#8220;default&#8220; column_border_width=&#8220;none&#8220; column_border_style=&#8220;solid&#8220;][\/vc_column][\/vc_row]\n","protected":false},"excerpt":{"rendered":"<p>[vc_row type=&#8220;in_container&#8220; full_screen_row_position=&#8220;middle&#8220; scene_position=&#8220;center&#8220; text_color=&#8220;dark&#8220; text_align=&#8220;left&#8220; overlay_strength=&#8220;0.3&#8243; shape_divider_position=&#8220;bottom&#8220;][vc_column column_padding=&#8220;no-extra-padding&#8220; column_padding_position=&#8220;all&#8220; background_color_opacity=&#8220;1&#8243; background_hover_color_opacity=&#8220;1&#8243; column_shadow=&#8220;none&#8220; column_border_radius=&#8220;none&#8220; width=&#8220;1\/4&#8243;&#8230;<\/p>\n","protected":false},"author":3,"featured_media":11497,"parent":9233,"menu_order":0,"comment_status":"closed","ping_status":"closed","template":"","meta":{"_acf_changed":false,"inline_featured_image":false,"footnotes":""},"class_list":["post-11499","page","type-page","status-publish","has-post-thumbnail"],"acf":[],"yoast_head":"<!-- This site is optimized with the Yoast SEO plugin v27.3 - https:\/\/yoast.com\/product\/yoast-seo-wordpress\/ -->\n<title>Le Lap\u00e9rouse - Dansk Wilton<\/title>\n<meta name=\"description\" content=\"Dansk Wilton besucht Le Lap\u00e9rouse. Dansk Wilton lieferte individuell designte Axminster Teppichb\u00f6den f\u00fcr Korridore und Treppen sowie individuell designte Colortec Teppichb\u00f6den f\u00fcr Suiten und Kabinen.\" \/>\n<meta name=\"robots\" content=\"index, follow, max-snippet:-1, max-image-preview:large, max-video-preview:-1\" \/>\n<link rel=\"canonical\" href=\"https:\/\/danskwilton.com\/de\/references\/le-laperouse\/\" \/>\n<meta property=\"og:locale\" content=\"de_DE\" \/>\n<meta property=\"og:type\" content=\"article\" \/>\n<meta property=\"og:title\" content=\"Le Lap\u00e9rouse - Dansk Wilton\" \/>\n<meta property=\"og:description\" content=\"Dansk Wilton besucht Le Lap\u00e9rouse. Dansk Wilton lieferte individuell designte Axminster Teppichb\u00f6den f\u00fcr Korridore und Treppen sowie individuell designte Colortec Teppichb\u00f6den f\u00fcr Suiten und Kabinen.\" \/>\n<meta property=\"og:url\" content=\"https:\/\/danskwilton.com\/de\/references\/le-laperouse\/\" \/>\n<meta property=\"og:site_name\" content=\"Dansk Wilton\" \/>\n<meta property=\"article:modified_time\" content=\"2019-01-15T10:40:40+00:00\" \/>\n<meta property=\"og:image\" content=\"https:\/\/danskwilton.com\/wp-content\/uploads\/2019\/01\/IMG_6983.jpg\" \/>\n\t<meta property=\"og:image:width\" content=\"1250\" \/>\n\t<meta property=\"og:image:height\" content=\"825\" \/>\n\t<meta property=\"og:image:type\" content=\"image\/jpeg\" \/>\n<meta name=\"twitter:card\" content=\"summary_large_image\" \/>\n<meta name=\"twitter:label1\" content=\"Gesch\u00e4tzte Lesezeit\" \/>\n\t<meta name=\"twitter:data1\" content=\"2\u00a0Minuten\" \/>\n<script type=\"application\/ld+json\" class=\"yoast-schema-graph\">{\"@context\":\"https:\\\/\\\/schema.org\",\"@graph\":[{\"@type\":\"WebPage\",\"@id\":\"https:\\\/\\\/danskwilton.com\\\/de\\\/references\\\/le-laperouse\\\/\",\"url\":\"https:\\\/\\\/danskwilton.com\\\/de\\\/references\\\/le-laperouse\\\/\",\"name\":\"Le Lap\u00e9rouse - Dansk Wilton\",\"isPartOf\":{\"@id\":\"https:\\\/\\\/danskwilton.com\\\/#website\"},\"primaryImageOfPage\":{\"@id\":\"https:\\\/\\\/danskwilton.com\\\/de\\\/references\\\/le-laperouse\\\/#primaryimage\"},\"image\":{\"@id\":\"https:\\\/\\\/danskwilton.com\\\/de\\\/references\\\/le-laperouse\\\/#primaryimage\"},\"thumbnailUrl\":\"https:\\\/\\\/danskwilton.com\\\/wp-content\\\/uploads\\\/2019\\\/01\\\/IMG_6983.jpg\",\"datePublished\":\"2019-01-15T10:37:12+00:00\",\"dateModified\":\"2019-01-15T10:40:40+00:00\",\"description\":\"Dansk Wilton besucht Le Lap\u00e9rouse. Dansk Wilton lieferte individuell designte Axminster Teppichb\u00f6den f\u00fcr Korridore und Treppen sowie individuell designte Colortec Teppichb\u00f6den f\u00fcr Suiten und Kabinen.\",\"breadcrumb\":{\"@id\":\"https:\\\/\\\/danskwilton.com\\\/de\\\/references\\\/le-laperouse\\\/#breadcrumb\"},\"inLanguage\":\"de\",\"potentialAction\":[{\"@type\":\"ReadAction\",\"target\":[\"https:\\\/\\\/danskwilton.com\\\/de\\\/references\\\/le-laperouse\\\/\"]}]},{\"@type\":\"ImageObject\",\"inLanguage\":\"de\",\"@id\":\"https:\\\/\\\/danskwilton.com\\\/de\\\/references\\\/le-laperouse\\\/#primaryimage\",\"url\":\"https:\\\/\\\/danskwilton.com\\\/wp-content\\\/uploads\\\/2019\\\/01\\\/IMG_6983.jpg\",\"contentUrl\":\"https:\\\/\\\/danskwilton.com\\\/wp-content\\\/uploads\\\/2019\\\/01\\\/IMG_6983.jpg\",\"width\":1250,\"height\":825,\"caption\":\"Dansk Wilton has delivered carpets for cruise ships like Le Lap\u00e9rouse\"},{\"@type\":\"BreadcrumbList\",\"@id\":\"https:\\\/\\\/danskwilton.com\\\/de\\\/references\\\/le-laperouse\\\/#breadcrumb\",\"itemListElement\":[{\"@type\":\"ListItem\",\"position\":1,\"name\":\"Home\",\"item\":\"https:\\\/\\\/danskwilton.com\\\/de\\\/frontpage\\\/\"},{\"@type\":\"ListItem\",\"position\":2,\"name\":\"Referenzen\",\"item\":\"https:\\\/\\\/danskwilton.com\\\/de\\\/references\\\/\"},{\"@type\":\"ListItem\",\"position\":3,\"name\":\"Le Lap\u00e9rouse\"}]},{\"@type\":\"WebSite\",\"@id\":\"https:\\\/\\\/danskwilton.com\\\/#website\",\"url\":\"https:\\\/\\\/danskwilton.com\\\/\",\"name\":\"Dansk Wilton\",\"description\":\"Custom Designed Carpets\",\"potentialAction\":[{\"@type\":\"SearchAction\",\"target\":{\"@type\":\"EntryPoint\",\"urlTemplate\":\"https:\\\/\\\/danskwilton.com\\\/?s={search_term_string}\"},\"query-input\":{\"@type\":\"PropertyValueSpecification\",\"valueRequired\":true,\"valueName\":\"search_term_string\"}}],\"inLanguage\":\"de\"}]}<\/script>\n<!-- \/ Yoast SEO plugin. -->","yoast_head_json":{"title":"Le Lap\u00e9rouse - Dansk Wilton","description":"Dansk Wilton besucht Le Lap\u00e9rouse. Dansk Wilton lieferte individuell designte Axminster Teppichb\u00f6den f\u00fcr Korridore und Treppen sowie individuell designte Colortec Teppichb\u00f6den f\u00fcr Suiten und Kabinen.","robots":{"index":"index","follow":"follow","max-snippet":"max-snippet:-1","max-image-preview":"max-image-preview:large","max-video-preview":"max-video-preview:-1"},"canonical":"https:\/\/danskwilton.com\/de\/references\/le-laperouse\/","og_locale":"de_DE","og_type":"article","og_title":"Le Lap\u00e9rouse - Dansk Wilton","og_description":"Dansk Wilton besucht Le Lap\u00e9rouse. Dansk Wilton lieferte individuell designte Axminster Teppichb\u00f6den f\u00fcr Korridore und Treppen sowie individuell designte Colortec Teppichb\u00f6den f\u00fcr Suiten und Kabinen.","og_url":"https:\/\/danskwilton.com\/de\/references\/le-laperouse\/","og_site_name":"Dansk Wilton","article_modified_time":"2019-01-15T10:40:40+00:00","og_image":[{"width":1250,"height":825,"url":"https:\/\/danskwilton.com\/wp-content\/uploads\/2019\/01\/IMG_6983.jpg","type":"image\/jpeg"}],"twitter_card":"summary_large_image","twitter_misc":{"Gesch\u00e4tzte Lesezeit":"2\u00a0Minuten"},"schema":{"@context":"https:\/\/schema.org","@graph":[{"@type":"WebPage","@id":"https:\/\/danskwilton.com\/de\/references\/le-laperouse\/","url":"https:\/\/danskwilton.com\/de\/references\/le-laperouse\/","name":"Le Lap\u00e9rouse - Dansk Wilton","isPartOf":{"@id":"https:\/\/danskwilton.com\/#website"},"primaryImageOfPage":{"@id":"https:\/\/danskwilton.com\/de\/references\/le-laperouse\/#primaryimage"},"image":{"@id":"https:\/\/danskwilton.com\/de\/references\/le-laperouse\/#primaryimage"},"thumbnailUrl":"https:\/\/danskwilton.com\/wp-content\/uploads\/2019\/01\/IMG_6983.jpg","datePublished":"2019-01-15T10:37:12+00:00","dateModified":"2019-01-15T10:40:40+00:00","description":"Dansk Wilton besucht Le Lap\u00e9rouse. Dansk Wilton lieferte individuell designte Axminster Teppichb\u00f6den f\u00fcr Korridore und Treppen sowie individuell designte Colortec Teppichb\u00f6den f\u00fcr Suiten und Kabinen.","breadcrumb":{"@id":"https:\/\/danskwilton.com\/de\/references\/le-laperouse\/#breadcrumb"},"inLanguage":"de","potentialAction":[{"@type":"ReadAction","target":["https:\/\/danskwilton.com\/de\/references\/le-laperouse\/"]}]},{"@type":"ImageObject","inLanguage":"de","@id":"https:\/\/danskwilton.com\/de\/references\/le-laperouse\/#primaryimage","url":"https:\/\/danskwilton.com\/wp-content\/uploads\/2019\/01\/IMG_6983.jpg","contentUrl":"https:\/\/danskwilton.com\/wp-content\/uploads\/2019\/01\/IMG_6983.jpg","width":1250,"height":825,"caption":"Dansk Wilton has delivered carpets for cruise ships like Le Lap\u00e9rouse"},{"@type":"BreadcrumbList","@id":"https:\/\/danskwilton.com\/de\/references\/le-laperouse\/#breadcrumb","itemListElement":[{"@type":"ListItem","position":1,"name":"Home","item":"https:\/\/danskwilton.com\/de\/frontpage\/"},{"@type":"ListItem","position":2,"name":"Referenzen","item":"https:\/\/danskwilton.com\/de\/references\/"},{"@type":"ListItem","position":3,"name":"Le Lap\u00e9rouse"}]},{"@type":"WebSite","@id":"https:\/\/danskwilton.com\/#website","url":"https:\/\/danskwilton.com\/","name":"Dansk Wilton","description":"Custom Designed Carpets","potentialAction":[{"@type":"SearchAction","target":{"@type":"EntryPoint","urlTemplate":"https:\/\/danskwilton.com\/?s={search_term_string}"},"query-input":{"@type":"PropertyValueSpecification","valueRequired":true,"valueName":"search_term_string"}}],"inLanguage":"de"}]}},"_links":{"self":[{"href":"https:\/\/danskwilton.com\/de\/wp-json\/wp\/v2\/pages\/11499","targetHints":{"allow":["GET"]}}],"collection":[{"href":"https:\/\/danskwilton.com\/de\/wp-json\/wp\/v2\/pages"}],"about":[{"href":"https:\/\/danskwilton.com\/de\/wp-json\/wp\/v2\/types\/page"}],"author":[{"embeddable":true,"href":"https:\/\/danskwilton.com\/de\/wp-json\/wp\/v2\/users\/3"}],"replies":[{"embeddable":true,"href":"https:\/\/danskwilton.com\/de\/wp-json\/wp\/v2\/comments?post=11499"}],"version-history":[{"count":0,"href":"https:\/\/danskwilton.com\/de\/wp-json\/wp\/v2\/pages\/11499\/revisions"}],"up":[{"embeddable":true,"href":"https:\/\/danskwilton.com\/de\/wp-json\/wp\/v2\/pages\/9233"}],"wp:featuredmedia":[{"embeddable":true,"href":"https:\/\/danskwilton.com\/de\/wp-json\/wp\/v2\/media\/11497"}],"wp:attachment":[{"href":"https:\/\/danskwilton.com\/de\/wp-json\/wp\/v2\/media?parent=11499"}],"curies":[{"name":"wp","href":"https:\/\/api.w.org\/{rel}","templated":true}]}}