{"id":13113,"date":"2020-05-13T14:23:52","date_gmt":"2020-05-13T14:23:52","guid":{"rendered":"https:\/\/danskwilton.com\/virtuelles-treffen\/"},"modified":"2020-05-13T14:29:29","modified_gmt":"2020-05-13T14:29:29","slug":"virtuelles-treffen","status":"publish","type":"page","link":"https:\/\/danskwilton.com\/de\/virtuelles-treffen\/","title":{"rendered":"Virtuelles Treffen"},"content":{"rendered":"[vc_row type=&#8220;full_width_background&#8220; full_screen_row_position=&#8220;middle&#8220; column_margin=&#8220;default&#8220; bg_image=&#8220;13062&#8243; bg_position=&#8220;center center&#8220; bg_repeat=&#8220;no-repeat&#8220; scene_position=&#8220;center&#8220; text_color=&#8220;dark&#8220; text_align=&#8220;left&#8220; top_padding=&#8220;10%&#8220; bottom_padding=&#8220;10%&#8220; overlay_strength=&#8220;0.3&#8243; shape_divider_position=&#8220;bottom&#8220; bg_image_animation=&#8220;none&#8220; shape_type=&#8220;&#8220;][vc_column centered_text=&#8220;true&#8220; column_padding=&#8220;no-extra-padding&#8220; column_padding_position=&#8220;all&#8220; background_color_opacity=&#8220;1&#8243; background_hover_color_opacity=&#8220;1&#8243; column_link_target=&#8220;_self&#8220; column_shadow=&#8220;none&#8220; column_border_radius=&#8220;none&#8220; width=&#8220;1\/1&#8243; tablet_width_inherit=&#8220;default&#8220; tablet_text_alignment=&#8220;default&#8220; phone_text_alignment=&#8220;default&#8220; overlay_strength=&#8220;0.3&#8243; column_border_width=&#8220;none&#8220; column_border_style=&#8220;solid&#8220; bg_image_animation=&#8220;none&#8220;][vc_column_text css=&#8220;.vc_custom_1589349385440{margin-top: 3% !important;margin-bottom: 6% !important;}&#8220;]\n<h2 style=\"font-size: 52px; text-align: center;\">Treffen Sie uns online!<\/h2>\n[\/vc_column_text][vc_row_inner column_margin=&#8220;default&#8220; text_align=&#8220;left&#8220;][vc_column_inner column_padding=&#8220;no-extra-padding&#8220; column_padding_position=&#8220;all&#8220; background_color_opacity=&#8220;1&#8243; background_hover_color_opacity=&#8220;1&#8243; column_shadow=&#8220;none&#8220; column_border_radius=&#8220;none&#8220; column_link_target=&#8220;_self&#8220; width=&#8220;1\/4&#8243; tablet_width_inherit=&#8220;default&#8220; overlay_strength=&#8220;0.3&#8243; column_border_width=&#8220;none&#8220; column_border_style=&#8220;solid&#8220; bg_image_animation=&#8220;none&#8220;][\/vc_column_inner][vc_column_inner column_padding=&#8220;no-extra-padding&#8220; column_padding_position=&#8220;all&#8220; background_color_opacity=&#8220;1&#8243; background_hover_color_opacity=&#8220;1&#8243; column_shadow=&#8220;none&#8220; column_border_radius=&#8220;none&#8220; top_margin=&#8220;6%&#8220; bottom_margin=&#8220;6%&#8220; column_link_target=&#8220;_self&#8220; width=&#8220;1\/2&#8243; tablet_width_inherit=&#8220;default&#8220; overlay_strength=&#8220;0.3&#8243; column_border_width=&#8220;none&#8220; column_border_style=&#8220;solid&#8220; bg_image_animation=&#8220;none&#8220;][vc_column_text el_class=&#8220;meetingtext&#8220;]\n<p style=\"font-size: 16px; line-height: 24px;\">Um Ihre Zeit optimal zu nutzen und Sie in Ihren Projekten bestm\u00f6glich zu unterst\u00fctzen, stehen wir f\u00fcr Meetings, die Beantwortung Ihrer Fragen und die gemeinsame Gestaltung Ihrer kreativen Prozesse zur Verf\u00fcgung. Vielleicht m\u00f6chten Sie gern mehr wissen, \u00fcber:<\/p>\n<p style=\"font-size: 16px; line-height: 21px;\">Colortec ORIGIN<br \/>\nCradle to Cradle Certified(TM)<br \/>\nDesign-Entwicklung<br \/>\nTeppichqualit\u00e4ten<\/p>\n<p style=\"font-size: 16px; line-height: 21px;\">.. oder Sie haben konkrete Fragen zu L\u00f6sungen f\u00fcr Ihr aktuelles Projekt.<\/p>\n<p style=\"font-size: 16px; line-height: 21px;\">Kontaktieren Sie uns und wir werden uns bei Ihnen melden.<\/p>\n[\/vc_column_text][\/vc_column_inner][vc_column_inner column_padding=&#8220;no-extra-padding&#8220; column_padding_position=&#8220;all&#8220; background_color_opacity=&#8220;1&#8243; background_hover_color_opacity=&#8220;1&#8243; column_shadow=&#8220;none&#8220; column_border_radius=&#8220;none&#8220; column_link_target=&#8220;_self&#8220; width=&#8220;1\/4&#8243; tablet_width_inherit=&#8220;default&#8220; overlay_strength=&#8220;0.3&#8243; column_border_width=&#8220;none&#8220; column_border_style=&#8220;solid&#8220; bg_image_animation=&#8220;none&#8220;][\/vc_column_inner][\/vc_row_inner][nectar_btn size=&#8220;jumbo&#8220; button_style=&#8220;regular&#8220; button_color_2=&#8220;Accent-Color&#8220; color_override=&#8220;#000000&#8243; solid_text_color_override=&#8220;#ffffff&#8220; icon_family=&#8220;fontawesome&#8220; button_id=&#8220;bookknap&#8220; url=&#8220;#bookmeeting&#8220; text=&#8220;Meeting buchen&#8220; css_animation=&#8220;fadeInDown&#8220; icon_fontawesome=&#8220;fa fa-calendar-o&#8220;][\/vc_column][\/vc_row][vc_row type=&#8220;full_width_background&#8220; full_screen_row_position=&#8220;middle&#8220; column_margin=&#8220;default&#8220; bg_color=&#8220;#f6f6f6&#8243; scene_position=&#8220;center&#8220; text_color=&#8220;dark&#8220; text_align=&#8220;left&#8220; top_padding=&#8220;6%&#8220; bottom_padding=&#8220;6%&#8220; overlay_strength=&#8220;0.3&#8243; shape_divider_position=&#8220;bottom&#8220; bg_image_animation=&#8220;none&#8220; shape_type=&#8220;&#8220;][vc_column column_padding=&#8220;no-extra-padding&#8220; column_padding_position=&#8220;all&#8220; background_color_opacity=&#8220;1&#8243; background_hover_color_opacity=&#8220;1&#8243; column_link_target=&#8220;_self&#8220; column_shadow=&#8220;none&#8220; column_border_radius=&#8220;none&#8220; width=&#8220;1\/1&#8243; tablet_width_inherit=&#8220;default&#8220; tablet_text_alignment=&#8220;default&#8220; phone_text_alignment=&#8220;default&#8220; overlay_strength=&#8220;0.3&#8243; column_border_width=&#8220;none&#8220; column_border_style=&#8220;solid&#8220; bg_image_animation=&#8220;none&#8220;][vc_column_text css=&#8220;.vc_custom_1589349444532{padding-bottom: 3% !important;}&#8220;]\n<h2 id=\"bookmeeting\" style=\"font-size: 52px; text-align: center;\">Meeting buchen<\/h2>\n[\/vc_column_text][vc_column_text]\n<p style=\"font-size: 16px; line-height: 19px; text-align: center;\">Sagen Sie uns, an welchem Datum das Meeting f\u00fcr Sie am besten geeignet ist &#8211; wir werden uns mit Uhrzeit und Datum bei Ihnen melden.<\/p>\n[\/vc_column_text]<script type=\"text\/javascript\">\n\/* <![CDATA[ *\/\nvar gform;gform||(document.addEventListener(\"gform_main_scripts_loaded\",function(){gform.scriptsLoaded=!0}),document.addEventListener(\"gform\/theme\/scripts_loaded\",function(){gform.themeScriptsLoaded=!0}),window.addEventListener(\"DOMContentLoaded\",function(){gform.domLoaded=!0}),gform={domLoaded:!1,scriptsLoaded:!1,themeScriptsLoaded:!1,isFormEditor:()=>\"function\"==typeof InitializeEditor,callIfLoaded:function(o){return!(!gform.domLoaded||!gform.scriptsLoaded||!gform.themeScriptsLoaded&&!gform.isFormEditor()||(gform.isFormEditor()&&console.warn(\"The use of gform.initializeOnLoaded() is deprecated in the form editor context and will be removed in Gravity Forms 3.1.\"),o(),0))},initializeOnLoaded:function(o){gform.callIfLoaded(o)||(document.addEventListener(\"gform_main_scripts_loaded\",()=>{gform.scriptsLoaded=!0,gform.callIfLoaded(o)}),document.addEventListener(\"gform\/theme\/scripts_loaded\",()=>{gform.themeScriptsLoaded=!0,gform.callIfLoaded(o)}),window.addEventListener(\"DOMContentLoaded\",()=>{gform.domLoaded=!0,gform.callIfLoaded(o)}))},hooks:{action:{},filter:{}},addAction:function(o,r,e,t){gform.addHook(\"action\",o,r,e,t)},addFilter:function(o,r,e,t){gform.addHook(\"filter\",o,r,e,t)},doAction:function(o){gform.doHook(\"action\",o,arguments)},applyFilters:function(o){return gform.doHook(\"filter\",o,arguments)},removeAction:function(o,r){gform.removeHook(\"action\",o,r)},removeFilter:function(o,r,e){gform.removeHook(\"filter\",o,r,e)},addHook:function(o,r,e,t,n){null==gform.hooks[o][r]&&(gform.hooks[o][r]=[]);var d=gform.hooks[o][r];null==n&&(n=r+\"_\"+d.length),gform.hooks[o][r].push({tag:n,callable:e,priority:t=null==t?10:t})},doHook:function(r,o,e){var t;if(e=Array.prototype.slice.call(e,1),null!=gform.hooks[r][o]&&((o=gform.hooks[r][o]).sort(function(o,r){return o.priority-r.priority}),o.forEach(function(o){\"function\"!=typeof(t=o.callable)&&(t=window[t]),\"action\"==r?t.apply(null,e):e[0]=t.apply(null,e)})),\"filter\"==r)return e[0]},removeHook:function(o,r,t,n){var e;null!=gform.hooks[o][r]&&(e=(e=gform.hooks[o][r]).filter(function(o,r,e){return!!(null!=n&&n!=o.tag||null!=t&&t!=o.priority)}),gform.hooks[o][r]=e)}});\n\/* ]]> *\/\n<\/script>\n\n                <div class='gf_browser_gecko gform_wrapper gform_legacy_markup_wrapper gform-theme--no-framework' data-form-theme='legacy' data-form-index='0' id='gform_wrapper_11' ><form method='post' enctype='multipart\/form-data'  id='gform_11'  action='\/de\/wp-json\/wp\/v2\/pages\/13113' data-formid='11' novalidate><div class='gf_invisible ginput_recaptchav3' data-sitekey='6LckoeAqAAAAAH23rhFd4uf4xGKNxE_pXx1XHRiw' data-tabindex='0'><input id=\"input_e96277ef775691b32a665d00a36bba25\" class=\"gfield_recaptcha_response\" type=\"hidden\" name=\"input_e96277ef775691b32a665d00a36bba25\" value=\"\"\/><\/div>\n                        <div class='gform-body gform_body'><ul id='gform_fields_11' class='gform_fields top_label form_sublabel_below description_below validation_below'><li id=\"field_11_1\" class=\"gfield gfield--type-text gfield--input-type-text field_sublabel_below gfield--no-description field_description_below field_validation_below gfield_visibility_visible\"  ><label class='gfield_label gform-field-label screen-reader-text' for='input_11_1'>Name<\/label><div class='ginput_container ginput_container_text'><input name='input_1' id='input_11_1' type='text' value='' class='large'    placeholder='Name'  aria-invalid=\"false\"   \/><\/div><\/li><li id=\"field_11_5\" class=\"gfield gfield--type-text gfield--input-type-text field_sublabel_below gfield--no-description field_description_below field_validation_below gfield_visibility_visible\"  ><label class='gfield_label gform-field-label screen-reader-text' for='input_11_5'>E-Mail<\/label><div class='ginput_container ginput_container_text'><input name='input_5' id='input_11_5' type='text' value='' class='large'    placeholder='E-Mail'  aria-invalid=\"false\"   \/><\/div><\/li><li id=\"field_11_15\" class=\"gfield gfield--type-text gfield--input-type-text field_sublabel_below gfield--no-description field_description_below field_validation_below gfield_visibility_visible\"  ><label class='gfield_label gform-field-label screen-reader-text' for='input_11_15'>Land<\/label><div class='ginput_container ginput_container_text'><input name='input_15' id='input_11_15' type='text' value='' class='large'    placeholder='Land'  aria-invalid=\"false\"   \/><\/div><\/li><li id=\"field_11_13\" class=\"gfield gfield--type-textarea gfield--input-type-textarea field_sublabel_below gfield--no-description field_description_below field_validation_below gfield_visibility_visible\"  ><label class='gfield_label gform-field-label screen-reader-text' for='input_11_13'><\/label><div class='ginput_container ginput_container_textarea'><textarea name='input_13' id='input_11_13' class='textarea medium'      aria-invalid=\"false\"   rows='10' cols='50'><\/textarea><\/div><\/li><\/ul><\/div>\n        <div class='gform-footer gform_footer top_label'> <input type='submit' id='gform_submit_button_11' class='gform_button button' onclick='gform.submission.handleButtonClick(this);' data-submission-type='submit' value='Meeting buchen'  \/> \n            <input type='hidden' class='gform_hidden' name='gform_submission_method' data-js='gform_submission_method_11' value='postback' \/>\n            <input type='hidden' class='gform_hidden' name='gform_theme' data-js='gform_theme_11' id='gform_theme_11' value='legacy' \/>\n            <input type='hidden' class='gform_hidden' name='gform_style_settings' data-js='gform_style_settings_11' id='gform_style_settings_11' value='[]' \/>\n            <input type='hidden' class='gform_hidden' name='is_submit_11' value='1' \/>\n            <input type='hidden' class='gform_hidden' name='gform_submit' value='11' \/>\n            \n            <input type='hidden' class='gform_hidden' name='gform_currency' data-currency='DKK' value='qvC4fONtyGtm\/zw1ULm7FOJIK12OLgJ\/9oa4ikDzPP0J95edD6XiP5iMQ+2qpFzdI0ooVlYBd+gABSU6gWaea9OoAJMTciNDdFVjuq9R9ICmhNg=' \/>\n            <input type='hidden' class='gform_hidden' name='gform_unique_id' value='' \/>\n            <input type='hidden' class='gform_hidden' name='state_11' value='WyJbXSIsIjE0N2UyMGZmMWQ1OTY4ZmUzOTQ2YzVjZDM5MTkxMTgyIl0=' \/>\n            <input type='hidden' autocomplete='off' class='gform_hidden' name='gform_target_page_number_11' id='gform_target_page_number_11' value='0' \/>\n            <input type='hidden' autocomplete='off' class='gform_hidden' name='gform_source_page_number_11' id='gform_source_page_number_11' value='1' \/>\n            <input type='hidden' name='gform_field_values' value='' \/>\n            \n        <\/div>\n                        <\/form>\n                        <\/div><script type=\"text\/javascript\">\n\/* <![CDATA[ *\/\n gform.initializeOnLoaded( function() {gformInitSpinner( 11, 'https:\/\/danskwilton.com\/wp-content\/plugins\/gravityforms\/images\/spinner.svg', true );jQuery('#gform_ajax_frame_11').on('load',function(){var contents = jQuery(this).contents().find('*').html();var is_postback = contents.indexOf('GF_AJAX_POSTBACK') >= 0;if(!is_postback){return;}var form_content = jQuery(this).contents().find('#gform_wrapper_11');var is_confirmation = jQuery(this).contents().find('#gform_confirmation_wrapper_11').length > 0;var is_redirect = contents.indexOf('gformRedirect(){') >= 0;var is_form = form_content.length > 0 && ! is_redirect && ! is_confirmation;var mt = parseInt(jQuery('html').css('margin-top'), 10) + parseInt(jQuery('body').css('margin-top'), 10) + 100;if(is_form){jQuery('#gform_wrapper_11').html(form_content.html());if(form_content.hasClass('gform_validation_error')){jQuery('#gform_wrapper_11').addClass('gform_validation_error');} else {jQuery('#gform_wrapper_11').removeClass('gform_validation_error');}setTimeout( function() { \/* delay the scroll by 50 milliseconds to fix a bug in chrome *\/  }, 50 );if(window['gformInitDatepicker']) {gformInitDatepicker();}if(window['gformInitPriceFields']) {gformInitPriceFields();}var current_page = jQuery('#gform_source_page_number_11').val();gformInitSpinner( 11, 'https:\/\/danskwilton.com\/wp-content\/plugins\/gravityforms\/images\/spinner.svg', true );jQuery(document).trigger('gform_page_loaded', [11, current_page]);window['gf_submitting_11'] = false;}else if(!is_redirect){var confirmation_content = jQuery(this).contents().find('.GF_AJAX_POSTBACK').html();if(!confirmation_content){confirmation_content = contents;}jQuery('#gform_wrapper_11').replaceWith(confirmation_content);jQuery(document).trigger('gform_confirmation_loaded', [11]);window['gf_submitting_11'] = false;wp.a11y.speak(jQuery('#gform_confirmation_message_11').text());}else{jQuery('#gform_11').append(contents);if(window['gformRedirect']) {gformRedirect();}}jQuery(document).trigger(\"gform_pre_post_render\", [{ formId: \"11\", currentPage: \"current_page\", abort: function() { this.preventDefault(); } }]);        if (event && event.defaultPrevented) {                return;        }        const gformWrapperDiv = document.getElementById( \"gform_wrapper_11\" );        if ( gformWrapperDiv ) {            const visibilitySpan = document.createElement( \"span\" );            visibilitySpan.id = \"gform_visibility_test_11\";            gformWrapperDiv.insertAdjacentElement( \"afterend\", visibilitySpan );        }        const visibilityTestDiv = document.getElementById( \"gform_visibility_test_11\" );        let postRenderFired = false;        function triggerPostRender() {            if ( postRenderFired ) {                return;            }            postRenderFired = true;            gform.core.triggerPostRenderEvents( 11, current_page );            if ( visibilityTestDiv ) {                visibilityTestDiv.parentNode.removeChild( visibilityTestDiv );            }        }        function debounce( func, wait, immediate ) {            var timeout;            return function() {                var context = this, args = arguments;                var later = function() {                    timeout = null;                    if ( !immediate ) func.apply( context, args );                };                var callNow = immediate && !timeout;                clearTimeout( timeout );                timeout = setTimeout( later, wait );                if ( callNow ) func.apply( context, args );            };        }        const debouncedTriggerPostRender = debounce( function() {            triggerPostRender();        }, 200 );        if ( visibilityTestDiv && visibilityTestDiv.offsetParent === null ) {            const observer = new MutationObserver( ( mutations ) => {                mutations.forEach( ( mutation ) => {                    if ( mutation.type === 'attributes' && visibilityTestDiv.offsetParent !== null ) {                        debouncedTriggerPostRender();                        observer.disconnect();                    }                });            });            observer.observe( document.body, {                attributes: true,                childList: false,                subtree: true,                attributeFilter: [ 'style', 'class' ],            });        } else {            triggerPostRender();        }    } );} ); \n\/* ]]> *\/\n<\/script>\n[\/vc_column][\/vc_row]\n","protected":false},"excerpt":{"rendered":"<p>[vc_row type=&#8220;full_width_background&#8220; full_screen_row_position=&#8220;middle&#8220; column_margin=&#8220;default&#8220; bg_image=&#8220;13062&#8243; bg_position=&#8220;center center&#8220; bg_repeat=&#8220;no-repeat&#8220; scene_position=&#8220;center&#8220; text_color=&#8220;dark&#8220; text_align=&#8220;left&#8220; top_padding=&#8220;10%&#8220; bottom_padding=&#8220;10%&#8220; overlay_strength=&#8220;0.3&#8243; shape_divider_position=&#8220;bottom&#8220;&#8230;<\/p>\n","protected":false},"author":3,"featured_media":0,"parent":0,"menu_order":0,"comment_status":"closed","ping_status":"closed","template":"","meta":{"_acf_changed":false,"inline_featured_image":false,"footnotes":""},"class_list":["post-13113","page","type-page","status-publish"],"acf":[],"yoast_head":"<!-- This site is optimized with the Yoast SEO plugin v27.4 - https:\/\/yoast.com\/product\/yoast-seo-wordpress\/ -->\n<title>Virtuelles Treffen - Dansk Wilton<\/title>\n<meta name=\"robots\" content=\"index, follow, max-snippet:-1, max-image-preview:large, max-video-preview:-1\" \/>\n<link rel=\"canonical\" href=\"https:\/\/danskwilton.com\/de\/virtuelles-treffen\/\" \/>\n<meta property=\"og:locale\" content=\"de_DE\" \/>\n<meta property=\"og:type\" content=\"article\" \/>\n<meta property=\"og:title\" content=\"Treffen Sie uns online!\" \/>\n<meta property=\"og:description\" content=\"Wir stehen Ihnen jederzeit f\u00fcr Online-Meetings zur Verf\u00fcgung, um Ihre Fragen zu beantworten und Sie bei Ihren Projekten zu unterst\u00fctzen.\" \/>\n<meta property=\"og:url\" content=\"https:\/\/danskwilton.com\/de\/virtuelles-treffen\/\" \/>\n<meta property=\"og:site_name\" content=\"Dansk Wilton\" \/>\n<meta property=\"article:modified_time\" content=\"2020-05-13T14:29:29+00:00\" \/>\n<meta name=\"twitter:card\" content=\"summary_large_image\" \/>\n<meta name=\"twitter:label1\" content=\"Gesch\u00e4tzte Lesezeit\" \/>\n\t<meta name=\"twitter:data1\" content=\"3\u00a0Minuten\" \/>\n<script type=\"application\/ld+json\" class=\"yoast-schema-graph\">{\"@context\":\"https:\\\/\\\/schema.org\",\"@graph\":[{\"@type\":\"WebPage\",\"@id\":\"https:\\\/\\\/danskwilton.com\\\/de\\\/virtuelles-treffen\\\/\",\"url\":\"https:\\\/\\\/danskwilton.com\\\/de\\\/virtuelles-treffen\\\/\",\"name\":\"Virtuelles Treffen - Dansk Wilton\",\"isPartOf\":{\"@id\":\"https:\\\/\\\/danskwilton.com\\\/#website\"},\"datePublished\":\"2020-05-13T14:23:52+00:00\",\"dateModified\":\"2020-05-13T14:29:29+00:00\",\"breadcrumb\":{\"@id\":\"https:\\\/\\\/danskwilton.com\\\/de\\\/virtuelles-treffen\\\/#breadcrumb\"},\"inLanguage\":\"de\",\"potentialAction\":[{\"@type\":\"ReadAction\",\"target\":[\"https:\\\/\\\/danskwilton.com\\\/de\\\/virtuelles-treffen\\\/\"]}]},{\"@type\":\"BreadcrumbList\",\"@id\":\"https:\\\/\\\/danskwilton.com\\\/de\\\/virtuelles-treffen\\\/#breadcrumb\",\"itemListElement\":[{\"@type\":\"ListItem\",\"position\":1,\"name\":\"Home\",\"item\":\"https:\\\/\\\/danskwilton.com\\\/de\\\/frontpage\\\/\"},{\"@type\":\"ListItem\",\"position\":2,\"name\":\"Virtuelles Treffen\"}]},{\"@type\":\"WebSite\",\"@id\":\"https:\\\/\\\/danskwilton.com\\\/#website\",\"url\":\"https:\\\/\\\/danskwilton.com\\\/\",\"name\":\"Dansk Wilton\",\"description\":\"Custom Designed Carpets\",\"potentialAction\":[{\"@type\":\"SearchAction\",\"target\":{\"@type\":\"EntryPoint\",\"urlTemplate\":\"https:\\\/\\\/danskwilton.com\\\/?s={search_term_string}\"},\"query-input\":{\"@type\":\"PropertyValueSpecification\",\"valueRequired\":true,\"valueName\":\"search_term_string\"}}],\"inLanguage\":\"de\"}]}<\/script>\n<!-- \/ Yoast SEO plugin. -->","yoast_head_json":{"title":"Virtuelles Treffen - Dansk Wilton","robots":{"index":"index","follow":"follow","max-snippet":"max-snippet:-1","max-image-preview":"max-image-preview:large","max-video-preview":"max-video-preview:-1"},"canonical":"https:\/\/danskwilton.com\/de\/virtuelles-treffen\/","og_locale":"de_DE","og_type":"article","og_title":"Treffen Sie uns online!","og_description":"Wir stehen Ihnen jederzeit f\u00fcr Online-Meetings zur Verf\u00fcgung, um Ihre Fragen zu beantworten und Sie bei Ihren Projekten zu unterst\u00fctzen.","og_url":"https:\/\/danskwilton.com\/de\/virtuelles-treffen\/","og_site_name":"Dansk Wilton","article_modified_time":"2020-05-13T14:29:29+00:00","twitter_card":"summary_large_image","twitter_misc":{"Gesch\u00e4tzte Lesezeit":"3\u00a0Minuten"},"schema":{"@context":"https:\/\/schema.org","@graph":[{"@type":"WebPage","@id":"https:\/\/danskwilton.com\/de\/virtuelles-treffen\/","url":"https:\/\/danskwilton.com\/de\/virtuelles-treffen\/","name":"Virtuelles Treffen - Dansk Wilton","isPartOf":{"@id":"https:\/\/danskwilton.com\/#website"},"datePublished":"2020-05-13T14:23:52+00:00","dateModified":"2020-05-13T14:29:29+00:00","breadcrumb":{"@id":"https:\/\/danskwilton.com\/de\/virtuelles-treffen\/#breadcrumb"},"inLanguage":"de","potentialAction":[{"@type":"ReadAction","target":["https:\/\/danskwilton.com\/de\/virtuelles-treffen\/"]}]},{"@type":"BreadcrumbList","@id":"https:\/\/danskwilton.com\/de\/virtuelles-treffen\/#breadcrumb","itemListElement":[{"@type":"ListItem","position":1,"name":"Home","item":"https:\/\/danskwilton.com\/de\/frontpage\/"},{"@type":"ListItem","position":2,"name":"Virtuelles Treffen"}]},{"@type":"WebSite","@id":"https:\/\/danskwilton.com\/#website","url":"https:\/\/danskwilton.com\/","name":"Dansk Wilton","description":"Custom Designed Carpets","potentialAction":[{"@type":"SearchAction","target":{"@type":"EntryPoint","urlTemplate":"https:\/\/danskwilton.com\/?s={search_term_string}"},"query-input":{"@type":"PropertyValueSpecification","valueRequired":true,"valueName":"search_term_string"}}],"inLanguage":"de"}]}},"_links":{"self":[{"href":"https:\/\/danskwilton.com\/de\/wp-json\/wp\/v2\/pages\/13113","targetHints":{"allow":["GET"]}}],"collection":[{"href":"https:\/\/danskwilton.com\/de\/wp-json\/wp\/v2\/pages"}],"about":[{"href":"https:\/\/danskwilton.com\/de\/wp-json\/wp\/v2\/types\/page"}],"author":[{"embeddable":true,"href":"https:\/\/danskwilton.com\/de\/wp-json\/wp\/v2\/users\/3"}],"replies":[{"embeddable":true,"href":"https:\/\/danskwilton.com\/de\/wp-json\/wp\/v2\/comments?post=13113"}],"version-history":[{"count":18,"href":"https:\/\/danskwilton.com\/de\/wp-json\/wp\/v2\/pages\/13113\/revisions"}],"predecessor-version":[{"id":13131,"href":"https:\/\/danskwilton.com\/de\/wp-json\/wp\/v2\/pages\/13113\/revisions\/13131"}],"wp:attachment":[{"href":"https:\/\/danskwilton.com\/de\/wp-json\/wp\/v2\/media?parent=13113"}],"curies":[{"name":"wp","href":"https:\/\/api.w.org\/{rel}","templated":true}]}}