{"id":13259,"date":"2020-06-30T06:44:04","date_gmt":"2020-06-30T06:44:04","guid":{"rendered":"https:\/\/danskwilton.com\/newsletter-bestatigung-der-anmeldung\/"},"modified":"2020-07-01T11:07:09","modified_gmt":"2020-07-01T11:07:09","slug":"newsletter-bestatigung-der-anmeldung","status":"publish","type":"page","link":"https:\/\/danskwilton.com\/de\/newsletter-bestatigung-der-anmeldung\/","title":{"rendered":"Newsletter &#8211; Best\u00e4tigung der Anmeldung"},"content":{"rendered":"[vc_row type=&#8220;full_width_background&#8220; full_screen_row_position=&#8220;middle&#8220; column_margin=&#8220;none&#8220; bg_image=&#8220;13224&#8243; bg_position=&#8220;center center&#8220; bg_repeat=&#8220;no-repeat&#8220; full_height=&#8220;yes&#8220; scene_position=&#8220;center&#8220; text_color=&#8220;dark&#8220; text_align=&#8220;left&#8220; bottom_padding=&#8220;0&#8243; overlay_strength=&#8220;0.3&#8243; shape_divider_position=&#8220;bottom&#8220; bg_image_animation=&#8220;none&#8220; shape_type=&#8220;&#8220;][vc_column centered_text=&#8220;true&#8220; column_padding=&#8220;no-extra-padding&#8220; column_padding_position=&#8220;all&#8220; background_color_opacity=&#8220;1&#8243; background_hover_color_opacity=&#8220;1&#8243; column_link_target=&#8220;_self&#8220; column_shadow=&#8220;none&#8220; column_border_radius=&#8220;none&#8220; width=&#8220;1\/6&#8243; tablet_width_inherit=&#8220;default&#8220; tablet_text_alignment=&#8220;default&#8220; phone_text_alignment=&#8220;default&#8220; overlay_strength=&#8220;0.3&#8243; column_border_width=&#8220;none&#8220; column_border_style=&#8220;solid&#8220; bg_image_animation=&#8220;none&#8220;][\/vc_column][vc_column column_padding=&#8220;no-extra-padding&#8220; column_padding_position=&#8220;all&#8220; background_color_opacity=&#8220;1&#8243; background_hover_color_opacity=&#8220;1&#8243; column_link_target=&#8220;_self&#8220; column_shadow=&#8220;none&#8220; column_border_radius=&#8220;none&#8220; el_class=&#8220;newsletter-box&#8220; width=&#8220;2\/3&#8243; tablet_width_inherit=&#8220;default&#8220; tablet_text_alignment=&#8220;default&#8220; phone_text_alignment=&#8220;default&#8220; overlay_strength=&#8220;0.3&#8243; column_border_width=&#8220;none&#8220; column_border_style=&#8220;solid&#8220; bg_image_animation=&#8220;none&#8220;][vc_column_text css=&#8220;.vc_custom_1593601622411{padding-top: 9% !important;padding-bottom: 9% !important;}&#8220;]\n<h2 style=\"font-size: 52px; text-align: center; margin-bottom: 24px;\">Vielen Dank!<\/h2>\n<p style=\"text-align: center; margin: 0 auto; margin-bottom: 12px; max-width: 500px;\">Sie haben unseren Newsletter erfolgreich abonniert.<\/p>\n<h3>Was wirst du bekommen?<\/h3>\n<p>Unser E-Mail-Marketing basiert auf Berechtigungen und wir senden Ihnen nur Informationen, die f\u00fcr Ihre Anmeldung relevant sind.<\/p>\n<h3>Wie k\u00f6nnen Sie aufh\u00f6ren, E-Mails von uns zu erhalten?<\/h3>\n<p>Sie k\u00f6nnen auf den Link unten in jeder E-Mail klicken, an die wir uns sofort und sicher abmelden.<\/p>\n<h3>Wie k\u00f6nnen Sie sicherstellen, dass Ihre E-Mail bei Ihnen ankommt?<\/h3>\n<p>Sie k\u00f6nnen uns helfen, Ihren Posteingang jedes Mal zu erreichen, indem Sie sich jetzt einige Sekunden Zeit nehmen, um unsere E-Mail-Adresse zu Ihren Kontakten oder zur Liste sicherer Absender hinzuzuf\u00fcgen.<\/p>\n<h3>Sind meine Daten sicher?<\/h3>\n<p>Wir sch\u00e4tzen Ihre Privatsph\u00e4re und wenden verschiedene Sicherheitsma\u00dfnahmen an, um Ihre pers\u00f6nlichen Daten zu sch\u00fctzen.[\/vc_column_text][\/vc_column][vc_column column_padding=&#8220;no-extra-padding&#8220; column_padding_position=&#8220;all&#8220; background_color_opacity=&#8220;1&#8243; background_hover_color_opacity=&#8220;1&#8243; column_link_target=&#8220;_self&#8220; column_shadow=&#8220;none&#8220; column_border_radius=&#8220;none&#8220; width=&#8220;1\/6&#8243; tablet_width_inherit=&#8220;default&#8220; tablet_text_alignment=&#8220;default&#8220; phone_text_alignment=&#8220;default&#8220; overlay_strength=&#8220;0.3&#8243; column_border_width=&#8220;none&#8220; column_border_style=&#8220;solid&#8220; bg_image_animation=&#8220;none&#8220;][\/vc_column][\/vc_row]\n","protected":false},"excerpt":{"rendered":"<p>[vc_row type=&#8220;full_width_background&#8220; full_screen_row_position=&#8220;middle&#8220; column_margin=&#8220;none&#8220; bg_image=&#8220;13224&#8243; bg_position=&#8220;center center&#8220; bg_repeat=&#8220;no-repeat&#8220; full_height=&#8220;yes&#8220; scene_position=&#8220;center&#8220; text_color=&#8220;dark&#8220; text_align=&#8220;left&#8220; bottom_padding=&#8220;0&#8243; overlay_strength=&#8220;0.3&#8243; shape_divider_position=&#8220;bottom&#8220;&#8230;<\/p>\n","protected":false},"author":3,"featured_media":0,"parent":0,"menu_order":0,"comment_status":"closed","ping_status":"closed","template":"","meta":{"_acf_changed":false,"inline_featured_image":false,"footnotes":""},"class_list":["post-13259","page","type-page","status-publish"],"acf":[],"yoast_head":"<!-- This site is optimized with the Yoast SEO plugin v27.4 - https:\/\/yoast.com\/product\/yoast-seo-wordpress\/ -->\n<title>Newsletter - Best\u00e4tigung der Anmeldung - Dansk Wilton<\/title>\n<meta name=\"robots\" content=\"index, follow, max-snippet:-1, max-image-preview:large, max-video-preview:-1\" \/>\n<link rel=\"canonical\" href=\"https:\/\/danskwilton.com\/de\/newsletter-bestatigung-der-anmeldung\/\" \/>\n<meta property=\"og:locale\" content=\"de_DE\" \/>\n<meta property=\"og:type\" content=\"article\" \/>\n<meta property=\"og:title\" content=\"Newsletter - Best\u00e4tigung der Anmeldung - Dansk Wilton\" \/>\n<meta property=\"og:description\" content=\"[vc_row type=&#8220;full_width_background&#8220; full_screen_row_position=&#8220;middle&#8220; column_margin=&#8220;none&#8220; bg_image=&#8220;13224&#8243; bg_position=&#8220;center center&#8220; bg_repeat=&#8220;no-repeat&#8220; full_height=&#8220;yes&#8220; scene_position=&#8220;center&#8220; text_color=&#8220;dark&#8220; text_align=&#8220;left&#8220; bottom_padding=&#8220;0&#8243; overlay_strength=&#8220;0.3&#8243; shape_divider_position=&#8220;bottom&#8220;...\" \/>\n<meta property=\"og:url\" content=\"https:\/\/danskwilton.com\/de\/newsletter-bestatigung-der-anmeldung\/\" \/>\n<meta property=\"og:site_name\" content=\"Dansk Wilton\" \/>\n<meta property=\"article:modified_time\" content=\"2020-07-01T11:07:09+00:00\" \/>\n<meta name=\"twitter:card\" content=\"summary_large_image\" \/>\n<meta name=\"twitter:label1\" content=\"Gesch\u00e4tzte Lesezeit\" \/>\n\t<meta name=\"twitter:data1\" content=\"2\u00a0Minuten\" \/>\n<script type=\"application\/ld+json\" class=\"yoast-schema-graph\">{\"@context\":\"https:\\\/\\\/schema.org\",\"@graph\":[{\"@type\":\"WebPage\",\"@id\":\"https:\\\/\\\/danskwilton.com\\\/de\\\/newsletter-bestatigung-der-anmeldung\\\/\",\"url\":\"https:\\\/\\\/danskwilton.com\\\/de\\\/newsletter-bestatigung-der-anmeldung\\\/\",\"name\":\"Newsletter - Best\u00e4tigung der Anmeldung - Dansk Wilton\",\"isPartOf\":{\"@id\":\"https:\\\/\\\/danskwilton.com\\\/#website\"},\"datePublished\":\"2020-06-30T06:44:04+00:00\",\"dateModified\":\"2020-07-01T11:07:09+00:00\",\"breadcrumb\":{\"@id\":\"https:\\\/\\\/danskwilton.com\\\/de\\\/newsletter-bestatigung-der-anmeldung\\\/#breadcrumb\"},\"inLanguage\":\"de\",\"potentialAction\":[{\"@type\":\"ReadAction\",\"target\":[\"https:\\\/\\\/danskwilton.com\\\/de\\\/newsletter-bestatigung-der-anmeldung\\\/\"]}]},{\"@type\":\"BreadcrumbList\",\"@id\":\"https:\\\/\\\/danskwilton.com\\\/de\\\/newsletter-bestatigung-der-anmeldung\\\/#breadcrumb\",\"itemListElement\":[{\"@type\":\"ListItem\",\"position\":1,\"name\":\"Home\",\"item\":\"https:\\\/\\\/danskwilton.com\\\/de\\\/frontpage\\\/\"},{\"@type\":\"ListItem\",\"position\":2,\"name\":\"Newsletter &#8211; Best\u00e4tigung der Anmeldung\"}]},{\"@type\":\"WebSite\",\"@id\":\"https:\\\/\\\/danskwilton.com\\\/#website\",\"url\":\"https:\\\/\\\/danskwilton.com\\\/\",\"name\":\"Dansk Wilton\",\"description\":\"Custom Designed Carpets\",\"potentialAction\":[{\"@type\":\"SearchAction\",\"target\":{\"@type\":\"EntryPoint\",\"urlTemplate\":\"https:\\\/\\\/danskwilton.com\\\/?s={search_term_string}\"},\"query-input\":{\"@type\":\"PropertyValueSpecification\",\"valueRequired\":true,\"valueName\":\"search_term_string\"}}],\"inLanguage\":\"de\"}]}<\/script>\n<!-- \/ Yoast SEO plugin. -->","yoast_head_json":{"title":"Newsletter - Best\u00e4tigung der Anmeldung - Dansk Wilton","robots":{"index":"index","follow":"follow","max-snippet":"max-snippet:-1","max-image-preview":"max-image-preview:large","max-video-preview":"max-video-preview:-1"},"canonical":"https:\/\/danskwilton.com\/de\/newsletter-bestatigung-der-anmeldung\/","og_locale":"de_DE","og_type":"article","og_title":"Newsletter - Best\u00e4tigung der Anmeldung - Dansk Wilton","og_description":"[vc_row type=&#8220;full_width_background&#8220; full_screen_row_position=&#8220;middle&#8220; column_margin=&#8220;none&#8220; bg_image=&#8220;13224&#8243; bg_position=&#8220;center center&#8220; bg_repeat=&#8220;no-repeat&#8220; full_height=&#8220;yes&#8220; scene_position=&#8220;center&#8220; text_color=&#8220;dark&#8220; text_align=&#8220;left&#8220; bottom_padding=&#8220;0&#8243; overlay_strength=&#8220;0.3&#8243; shape_divider_position=&#8220;bottom&#8220;...","og_url":"https:\/\/danskwilton.com\/de\/newsletter-bestatigung-der-anmeldung\/","og_site_name":"Dansk Wilton","article_modified_time":"2020-07-01T11:07:09+00:00","twitter_card":"summary_large_image","twitter_misc":{"Gesch\u00e4tzte Lesezeit":"2\u00a0Minuten"},"schema":{"@context":"https:\/\/schema.org","@graph":[{"@type":"WebPage","@id":"https:\/\/danskwilton.com\/de\/newsletter-bestatigung-der-anmeldung\/","url":"https:\/\/danskwilton.com\/de\/newsletter-bestatigung-der-anmeldung\/","name":"Newsletter - Best\u00e4tigung der Anmeldung - Dansk Wilton","isPartOf":{"@id":"https:\/\/danskwilton.com\/#website"},"datePublished":"2020-06-30T06:44:04+00:00","dateModified":"2020-07-01T11:07:09+00:00","breadcrumb":{"@id":"https:\/\/danskwilton.com\/de\/newsletter-bestatigung-der-anmeldung\/#breadcrumb"},"inLanguage":"de","potentialAction":[{"@type":"ReadAction","target":["https:\/\/danskwilton.com\/de\/newsletter-bestatigung-der-anmeldung\/"]}]},{"@type":"BreadcrumbList","@id":"https:\/\/danskwilton.com\/de\/newsletter-bestatigung-der-anmeldung\/#breadcrumb","itemListElement":[{"@type":"ListItem","position":1,"name":"Home","item":"https:\/\/danskwilton.com\/de\/frontpage\/"},{"@type":"ListItem","position":2,"name":"Newsletter &#8211; Best\u00e4tigung der Anmeldung"}]},{"@type":"WebSite","@id":"https:\/\/danskwilton.com\/#website","url":"https:\/\/danskwilton.com\/","name":"Dansk Wilton","description":"Custom Designed Carpets","potentialAction":[{"@type":"SearchAction","target":{"@type":"EntryPoint","urlTemplate":"https:\/\/danskwilton.com\/?s={search_term_string}"},"query-input":{"@type":"PropertyValueSpecification","valueRequired":true,"valueName":"search_term_string"}}],"inLanguage":"de"}]}},"_links":{"self":[{"href":"https:\/\/danskwilton.com\/de\/wp-json\/wp\/v2\/pages\/13259","targetHints":{"allow":["GET"]}}],"collection":[{"href":"https:\/\/danskwilton.com\/de\/wp-json\/wp\/v2\/pages"}],"about":[{"href":"https:\/\/danskwilton.com\/de\/wp-json\/wp\/v2\/types\/page"}],"author":[{"embeddable":true,"href":"https:\/\/danskwilton.com\/de\/wp-json\/wp\/v2\/users\/3"}],"replies":[{"embeddable":true,"href":"https:\/\/danskwilton.com\/de\/wp-json\/wp\/v2\/comments?post=13259"}],"version-history":[{"count":3,"href":"https:\/\/danskwilton.com\/de\/wp-json\/wp\/v2\/pages\/13259\/revisions"}],"predecessor-version":[{"id":13281,"href":"https:\/\/danskwilton.com\/de\/wp-json\/wp\/v2\/pages\/13259\/revisions\/13281"}],"wp:attachment":[{"href":"https:\/\/danskwilton.com\/de\/wp-json\/wp\/v2\/media?parent=13259"}],"curies":[{"name":"wp","href":"https:\/\/api.w.org\/{rel}","templated":true}]}}