{"id":15065,"date":"2020-11-17T11:44:49","date_gmt":"2020-11-17T11:44:49","guid":{"rendered":"https:\/\/danskwilton.com\/?page_id=15065"},"modified":"2020-11-24T09:57:18","modified_gmt":"2020-11-24T09:57:18","slug":"hej-daniel","status":"publish","type":"page","link":"https:\/\/danskwilton.com\/de\/hej-daniel\/","title":{"rendered":"Hej Daniel"},"content":{"rendered":"[vc_row type=&#8220;full_width_background&#8220; full_screen_row_position=&#8220;middle&#8220; equal_height=&#8220;yes&#8220; content_placement=&#8220;middle&#8220; column_margin=&#8220;default&#8220; bg_image=&#8220;14794&#8243; bg_position=&#8220;center bottom&#8220; bg_repeat=&#8220;no-repeat&#8220; scene_position=&#8220;center&#8220; text_color=&#8220;custom&#8220; text_align=&#8220;left&#8220; top_padding=&#8220;120&#8243; bottom_padding=&#8220;120&#8243; id=&#8220;header&#8220; color_overlay=&#8220;#3b3b3b&#8220; overlay_strength=&#8220;0.8&#8243; shape_divider_position=&#8220;bottom&#8220; bg_image_animation=&#8220;none&#8220; shape_type=&#8220;&#8220;][vc_column column_padding=&#8220;padding-3-percent&#8220; column_padding_position=&#8220;left-right&#8220; background_color_opacity=&#8220;1&#8243; background_hover_color_opacity=&#8220;1&#8243; column_link_target=&#8220;_self&#8220; column_shadow=&#8220;none&#8220; column_border_radius=&#8220;none&#8220; width=&#8220;1\/2&#8243; tablet_width_inherit=&#8220;default&#8220; tablet_text_alignment=&#8220;default&#8220; phone_text_alignment=&#8220;default&#8220; overlay_strength=&#8220;0.3&#8243; column_border_width=&#8220;none&#8220; column_border_style=&#8220;solid&#8220; bg_image_animation=&#8220;none&#8220;][image_with_animation image_url=&#8220;15072&#8243; alignment=&#8220;&#8220; animation=&#8220;Fade In&#8220; hover_animation=&#8220;none&#8220; border_radius=&#8220;none&#8220; box_shadow=&#8220;none&#8220; image_loading=&#8220;default&#8220; max_width=&#8220;100%&#8220; max_width_mobile=&#8220;default&#8220; el_class=&#8220;snohettadwlogo&#8220;][\/vc_column][vc_column column_padding=&#8220;no-extra-padding&#8220; column_padding_position=&#8220;all&#8220; background_color_opacity=&#8220;1&#8243; background_hover_color_opacity=&#8220;1&#8243; column_link_target=&#8220;_self&#8220; column_shadow=&#8220;none&#8220; column_border_radius=&#8220;none&#8220; width=&#8220;1\/2&#8243; tablet_width_inherit=&#8220;default&#8220; tablet_text_alignment=&#8220;default&#8220; phone_text_alignment=&#8220;default&#8220; overlay_strength=&#8220;0.3&#8243; column_border_width=&#8220;none&#8220; column_border_style=&#8220;solid&#8220; bg_image_animation=&#8220;none&#8220;][vc_column_text css=&#8220;.vc_custom_1605686928652{padding-top: 36px !important;}&#8220; el_class=&#8220;hvidtekst&#8220;]\n<h3>Hej Daniel!<\/h3>\n[\/vc_column_text][vc_column_text css=&#8220;.vc_custom_1606211730146{padding-top: 12px !important;}&#8220; el_class=&#8220;hvidtekst&#8220;]Wie k\u00fcrzlich besprochen, finden Sie anbei die Informationen zu Dansk Wilton.<\/p>\n<p>Seit 1953 inszenieren wir Erlebnis-Welten im Cruiseship- und Hotelsegment gemeinsam mit Interiordesignern aus der ganzen Welt. Unsere neueste, naturnahe Kollektion Origin findet gro\u00dfen Anklang, da hier dem Kunden optisch und haptisch Wohngesundheit im Luxussegment vermittelt wird.<\/p>\n<p>Ich w\u00fcrde mich sehr \u00fcber den Kreativprozess in Ihren Projekten und einen gemeinsamen Beitrag zu nachhaltigen Teppichl\u00f6sungen f\u00fcr die Hotellerie freuen!<\/p>\n<p>Lassen Sie sich inspirieren![\/vc_column_text][image_with_animation image_url=&#8220;15074&#8243; alignment=&#8220;center&#8220; animation=&#8220;Fade In&#8220; hover_animation=&#8220;none&#8220; border_radius=&#8220;none&#8220; box_shadow=&#8220;none&#8220; image_loading=&#8220;default&#8220; max_width=&#8220;100%&#8220; max_width_mobile=&#8220;default&#8220; el_class=&#8220;readmore&#8220; img_link=&#8220;#readmore&#8220;][\/vc_column][\/vc_row][vc_row type=&#8220;full_width_background&#8220; full_screen_row_position=&#8220;middle&#8220; column_margin=&#8220;default&#8220; bg_image=&#8220;13221&#8243; bg_position=&#8220;left top&#8220; bg_repeat=&#8220;no-repeat&#8220; scene_position=&#8220;center&#8220; text_color=&#8220;dark&#8220; text_align=&#8220;left&#8220; top_padding=&#8220;120&#8243; bottom_padding=&#8220;120&#8243; id=&#8220;readmore&#8220; color_overlay=&#8220;#000000&#8243; overlay_strength=&#8220;0.5&#8243; shape_divider_position=&#8220;bottom&#8220; bg_image_animation=&#8220;none&#8220; shape_type=&#8220;&#8220;][vc_column column_padding=&#8220;no-extra-padding&#8220; column_padding_position=&#8220;all&#8220; background_color_opacity=&#8220;1&#8243; background_hover_color_opacity=&#8220;1&#8243; column_link_target=&#8220;_self&#8220; column_shadow=&#8220;none&#8220; column_border_radius=&#8220;none&#8220; width=&#8220;1\/2&#8243; tablet_width_inherit=&#8220;default&#8220; tablet_text_alignment=&#8220;default&#8220; phone_text_alignment=&#8220;default&#8220; overlay_strength=&#8220;0.3&#8243; column_border_width=&#8220;none&#8220; column_border_style=&#8220;solid&#8220; bg_image_animation=&#8220;none&#8220;][image_with_animation image_url=&#8220;14831&#8243; alignment=&#8220;&#8220; animation=&#8220;Fade In&#8220; hover_animation=&#8220;none&#8220; border_radius=&#8220;none&#8220; box_shadow=&#8220;none&#8220; image_loading=&#8220;default&#8220; max_width=&#8220;100%&#8220; max_width_mobile=&#8220;default&#8220; img_link=&#8220;https:\/\/danskwilton.com\/de\/teppichboeden\/origin\/&#8220;][vc_column_text css=&#8220;.vc_custom_1605690482551{padding-top: 27px !important;}&#8220; el_class=&#8220;hvidtekst&#8220;]\n<h3>Eine Cradle-to-Cradle-zertifizierte<sup>TM<\/sup> Teppich-L\u00f6sung<\/h3>\n<p>Unser st\u00e4ndiger Fokus auf Nachhaltigkeit hat zu unserem neuesten Produkt, <a href=\"https:\/\/danskwilton.com\/de\/teppichboeden\/origin\/\" target=\"_blank\" rel=\"noopener noreferrer\">Colortec ORIGIN<\/a>, gef\u00fchrt &#8211; ein nachhaltiges Teppichkonzept ohne jegliche Farbstoffe.<\/p>\n<p><a href=\"https:\/\/danskwilton.com\/de\/teppichboeden\/origin\/\" target=\"_blank\" rel=\"noopener noreferrer\">Colortec ORIGIN<\/a> richtet sich an Innenarchitekten, Architekten und Betreiber im Gastgewerbe, die hohen Wert  auf verantwortungsbewussten Verbrauch legen, ohne Kompromisse bei der \u00c4sthetik einzugehen.<\/p>\n<p>Die Teppichl\u00f6sung ist Cradle-to-Cradle-zertifiziert und wird aus einer Garnmischung aus 80% Wolle und 20% Nylon gefertigt, was eine hohe Strapazierf\u00e4higkeit gew\u00e4hrleistet.<\/p>\n<p>Soeben wurde von der raumprobe bekannt gegeben, dass <a href=\"https:\/\/danskwilton.com\/de\/teppichboeden\/origin\/\" target=\"_blank\" rel=\"noopener noreferrer\">Colortec ORIGIN<\/a> der Gewinner in einer der Kategorien des <a href=\"https:\/\/www.raumprobe.com\/materialpreis\/einreichungen\/dansk-wilton-a-s-colortec-origin\/\" target=\"_blank\" rel=\"noopener noreferrer\">Materialpreis 2020<\/a> ist.[\/vc_column_text][\/vc_column][vc_column column_padding=&#8220;no-extra-padding&#8220; column_padding_position=&#8220;all&#8220; background_color_opacity=&#8220;1&#8243; background_hover_color_opacity=&#8220;1&#8243; column_link_target=&#8220;_self&#8220; column_shadow=&#8220;none&#8220; column_border_radius=&#8220;none&#8220; width=&#8220;1\/2&#8243; tablet_width_inherit=&#8220;default&#8220; tablet_text_alignment=&#8220;default&#8220; phone_text_alignment=&#8220;default&#8220; overlay_strength=&#8220;0.3&#8243; column_border_width=&#8220;none&#8220; column_border_style=&#8220;solid&#8220; bg_image_animation=&#8220;none&#8220;][image_with_animation image_url=&#8220;15116&#8243; alignment=&#8220;&#8220; animation=&#8220;Fade In&#8220; hover_animation=&#8220;none&#8220; border_radius=&#8220;none&#8220; box_shadow=&#8220;none&#8220; image_loading=&#8220;default&#8220; max_width=&#8220;100%&#8220; max_width_mobile=&#8220;default&#8220; img_link=&#8220;https:\/\/danskwilton.com\/de\/ausgesuchte-fallbeispiele-hotel\/&#8220;][vc_column_text css=&#8220;.vc_custom_1606211828785{padding-top: 27px !important;padding-bottom: 30px !important;}&#8220; el_class=&#8220;hvidtekst&#8220;]\n<h3>Best practice \u201cHotel\u201d<\/h3>\n<p>Auf den Punkt gebracht: wir sind eine Teppichfabrik in D\u00e4nemark, die seit 1953 besteht und ausschlie\u00dflich Teppiche an Hotels, Kinos, Restaurants und nicht zuletzt Kreuzfahrtschiffe auf der ganzen Welt liefert.<\/p>\n<p><a href=\"https:\/\/danskwilton.com\/de\/ausgesuchte-fallbeispiele-hotel\/\" target=\"_blank\" rel=\"noopener noreferrer\">Best practice \u201cHotel\u201d <\/a><\/p>\n<p>Um den hohen Anspruch in der Hotellerie zu erf\u00fcllen verarbeiten wir  die bew\u00e4hrte Garnkonstruktion aus 80% Wolle 20% Nylon, die durchgef\u00e4rbt ist. Vergleichen Sie den Querschnitt einer Karotte mit einem Radieschen und Sie sehen den Vorteil in der Nutzung  gegen\u00fcber bedruckten oder bespr\u00fchten Garnen.<\/p>\n<p>Alle unsere Teppiche sind Cradle-to-Cradle-zertifizierte<sup>TM <\/sup> und leisten einen positiven Beitrag in BREEAM-, LEED- und DGNB-zertifizierten Bauwerken.<br \/>\n[\/vc_column_text][\/vc_column][\/vc_row][vc_row type=&#8220;full_width_background&#8220; full_screen_row_position=&#8220;middle&#8220; equal_height=&#8220;yes&#8220; content_placement=&#8220;middle&#8220; column_margin=&#8220;default&#8220; bg_image=&#8220;14826&#8243; bg_position=&#8220;left top&#8220; bg_repeat=&#8220;no-repeat&#8220; scene_position=&#8220;center&#8220; text_color=&#8220;dark&#8220; text_align=&#8220;left&#8220; top_padding=&#8220;120&#8243; bottom_padding=&#8220;0&#8243; id=&#8220;readmore&#8220; color_overlay=&#8220;#000000&#8243; overlay_strength=&#8220;0.5&#8243; shape_divider_position=&#8220;bottom&#8220; bg_image_animation=&#8220;none&#8220; shape_type=&#8220;&#8220;][vc_column column_padding=&#8220;no-extra-padding&#8220; column_padding_position=&#8220;all&#8220; background_color_opacity=&#8220;1&#8243; background_hover_color_opacity=&#8220;1&#8243; column_link_target=&#8220;_self&#8220; column_shadow=&#8220;none&#8220; column_border_radius=&#8220;none&#8220; width=&#8220;1\/2&#8243; tablet_width_inherit=&#8220;default&#8220; tablet_text_alignment=&#8220;default&#8220; phone_text_alignment=&#8220;default&#8220; overlay_strength=&#8220;0.3&#8243; column_border_width=&#8220;none&#8220; column_border_style=&#8220;solid&#8220; bg_image_animation=&#8220;none&#8220;][vc_column_text el_class=&#8220;hvidtekst&#8220; css=&#8220;.vc_custom_1606117303075{padding-top: 27px !important;}&#8220;]\n<h3 class=\"hvidh3\">Wie kann ich Sie unterst\u00fctzen?<\/h3>\n<p>Gern komme ich zu Ihnen ins Atelier oder wir k\u00f6nnen in einem digitalen Meeting tiefer in die Themen einsteigen, die Ihnen einen Mehrwert in Ihren Projekten bieten.<\/p>\n<p>Lassen Sie uns gemeinsam kreativ werden und zu einem faszinierenden Gasterlebnis beitragen!<\/p>\n<p>Auf Ihre Mail freue ich mich.[\/vc_column_text][vc_column_text el_class=&#8220;contactinfo&#8220; css=&#8220;.vc_custom_1605613213517{padding-top: 27px !important;}&#8220;]\n<p class=\"contactname\">Ang\u00e9lique Krauter<\/p>\n<p>Country Manager, DACH<\/p>\n<p><i class=\"fa fa-envelope\" aria-hidden=\"true\"><\/i> <a href=\"mailto:ak@dansk-wilton.dk\">ak@dansk-wilton.dk<\/a><br \/>\n<i class=\"fa fa-phone\" aria-hidden=\"true\"><\/i> <a href=\"tel:00491605278104\">+49 160 52 78 104<\/a>[\/vc_column_text][\/vc_column][vc_column column_padding=&#8220;no-extra-padding&#8220; column_padding_position=&#8220;all&#8220; background_color_opacity=&#8220;1&#8243; background_hover_color_opacity=&#8220;1&#8243; column_link_target=&#8220;_self&#8220; column_shadow=&#8220;none&#8220; column_border_radius=&#8220;none&#8220; width=&#8220;1\/2&#8243; tablet_width_inherit=&#8220;default&#8220; tablet_text_alignment=&#8220;default&#8220; phone_text_alignment=&#8220;default&#8220; overlay_strength=&#8220;0.3&#8243; column_border_width=&#8220;none&#8220; column_border_style=&#8220;solid&#8220; bg_image_animation=&#8220;none&#8220;][image_with_animation image_url=&#8220;15069&#8243; alignment=&#8220;center&#8220; animation=&#8220;Fade In&#8220; hover_animation=&#8220;none&#8220; border_radius=&#8220;none&#8220; box_shadow=&#8220;none&#8220; image_loading=&#8220;default&#8220; max_width=&#8220;100%&#8220; max_width_mobile=&#8220;default&#8220; el_class=&#8220;lars&#8220;][\/vc_column][\/vc_row]\n","protected":false},"excerpt":{"rendered":"<p>[vc_row type=&#8220;full_width_background&#8220; full_screen_row_position=&#8220;middle&#8220; equal_height=&#8220;yes&#8220; content_placement=&#8220;middle&#8220; column_margin=&#8220;default&#8220; bg_image=&#8220;14794&#8243; bg_position=&#8220;center bottom&#8220; bg_repeat=&#8220;no-repeat&#8220; scene_position=&#8220;center&#8220; text_color=&#8220;custom&#8220; text_align=&#8220;left&#8220; top_padding=&#8220;120&#8243; bottom_padding=&#8220;120&#8243;&#8230;<\/p>\n","protected":false},"author":3,"featured_media":15098,"parent":0,"menu_order":0,"comment_status":"closed","ping_status":"closed","template":"","meta":{"_acf_changed":false,"inline_featured_image":false,"footnotes":""},"class_list":["post-15065","page","type-page","status-publish","has-post-thumbnail"],"acf":[],"yoast_head":"<!-- This site is optimized with the Yoast SEO plugin v27.4 - https:\/\/yoast.com\/product\/yoast-seo-wordpress\/ -->\n<title>Hej Daniel - Dansk Wilton<\/title>\n<meta name=\"robots\" content=\"index, follow, max-snippet:-1, max-image-preview:large, max-video-preview:-1\" \/>\n<link rel=\"canonical\" href=\"https:\/\/danskwilton.com\/de\/hej-daniel\/\" \/>\n<meta property=\"og:locale\" content=\"de_DE\" \/>\n<meta property=\"og:type\" content=\"article\" \/>\n<meta property=\"og:title\" content=\"Hej Daniel - Dansk Wilton\" \/>\n<meta property=\"og:description\" content=\"[vc_row type=&#8220;full_width_background&#8220; full_screen_row_position=&#8220;middle&#8220; equal_height=&#8220;yes&#8220; content_placement=&#8220;middle&#8220; column_margin=&#8220;default&#8220; bg_image=&#8220;14794&#8243; bg_position=&#8220;center bottom&#8220; bg_repeat=&#8220;no-repeat&#8220; scene_position=&#8220;center&#8220; text_color=&#8220;custom&#8220; text_align=&#8220;left&#8220; top_padding=&#8220;120&#8243; bottom_padding=&#8220;120&#8243;...\" \/>\n<meta property=\"og:url\" content=\"https:\/\/danskwilton.com\/de\/hej-daniel\/\" \/>\n<meta property=\"og:site_name\" content=\"Dansk Wilton\" \/>\n<meta property=\"article:modified_time\" content=\"2020-11-24T09:57:18+00:00\" \/>\n<meta property=\"og:image\" content=\"https:\/\/danskwilton.com\/wp-content\/uploads\/2020\/11\/hej-daniel-angelique-krauter-dansk-wilton.jpg\" \/>\n\t<meta property=\"og:image:width\" content=\"1200\" \/>\n\t<meta property=\"og:image:height\" content=\"630\" \/>\n\t<meta property=\"og:image:type\" content=\"image\/jpeg\" \/>\n<meta name=\"twitter:card\" content=\"summary_large_image\" \/>\n<meta name=\"twitter:label1\" content=\"Gesch\u00e4tzte Lesezeit\" \/>\n\t<meta name=\"twitter:data1\" content=\"6\u00a0Minuten\" \/>\n<script type=\"application\/ld+json\" class=\"yoast-schema-graph\">{\"@context\":\"https:\\\/\\\/schema.org\",\"@graph\":[{\"@type\":\"WebPage\",\"@id\":\"https:\\\/\\\/danskwilton.com\\\/de\\\/hej-daniel\\\/\",\"url\":\"https:\\\/\\\/danskwilton.com\\\/de\\\/hej-daniel\\\/\",\"name\":\"Hej Daniel - Dansk Wilton\",\"isPartOf\":{\"@id\":\"https:\\\/\\\/danskwilton.com\\\/#website\"},\"primaryImageOfPage\":{\"@id\":\"https:\\\/\\\/danskwilton.com\\\/de\\\/hej-daniel\\\/#primaryimage\"},\"image\":{\"@id\":\"https:\\\/\\\/danskwilton.com\\\/de\\\/hej-daniel\\\/#primaryimage\"},\"thumbnailUrl\":\"https:\\\/\\\/danskwilton.com\\\/wp-content\\\/uploads\\\/2020\\\/11\\\/hej-daniel-angelique-krauter-dansk-wilton.jpg\",\"datePublished\":\"2020-11-17T11:44:49+00:00\",\"dateModified\":\"2020-11-24T09:57:18+00:00\",\"breadcrumb\":{\"@id\":\"https:\\\/\\\/danskwilton.com\\\/de\\\/hej-daniel\\\/#breadcrumb\"},\"inLanguage\":\"de\",\"potentialAction\":[{\"@type\":\"ReadAction\",\"target\":[\"https:\\\/\\\/danskwilton.com\\\/de\\\/hej-daniel\\\/\"]}]},{\"@type\":\"ImageObject\",\"inLanguage\":\"de\",\"@id\":\"https:\\\/\\\/danskwilton.com\\\/de\\\/hej-daniel\\\/#primaryimage\",\"url\":\"https:\\\/\\\/danskwilton.com\\\/wp-content\\\/uploads\\\/2020\\\/11\\\/hej-daniel-angelique-krauter-dansk-wilton.jpg\",\"contentUrl\":\"https:\\\/\\\/danskwilton.com\\\/wp-content\\\/uploads\\\/2020\\\/11\\\/hej-daniel-angelique-krauter-dansk-wilton.jpg\",\"width\":1200,\"height\":630},{\"@type\":\"BreadcrumbList\",\"@id\":\"https:\\\/\\\/danskwilton.com\\\/de\\\/hej-daniel\\\/#breadcrumb\",\"itemListElement\":[{\"@type\":\"ListItem\",\"position\":1,\"name\":\"Home\",\"item\":\"https:\\\/\\\/danskwilton.com\\\/de\\\/frontpage\\\/\"},{\"@type\":\"ListItem\",\"position\":2,\"name\":\"Hej Daniel\"}]},{\"@type\":\"WebSite\",\"@id\":\"https:\\\/\\\/danskwilton.com\\\/#website\",\"url\":\"https:\\\/\\\/danskwilton.com\\\/\",\"name\":\"Dansk Wilton\",\"description\":\"Custom Designed Carpets\",\"potentialAction\":[{\"@type\":\"SearchAction\",\"target\":{\"@type\":\"EntryPoint\",\"urlTemplate\":\"https:\\\/\\\/danskwilton.com\\\/?s={search_term_string}\"},\"query-input\":{\"@type\":\"PropertyValueSpecification\",\"valueRequired\":true,\"valueName\":\"search_term_string\"}}],\"inLanguage\":\"de\"}]}<\/script>\n<!-- \/ Yoast SEO plugin. -->","yoast_head_json":{"title":"Hej Daniel - Dansk Wilton","robots":{"index":"index","follow":"follow","max-snippet":"max-snippet:-1","max-image-preview":"max-image-preview:large","max-video-preview":"max-video-preview:-1"},"canonical":"https:\/\/danskwilton.com\/de\/hej-daniel\/","og_locale":"de_DE","og_type":"article","og_title":"Hej Daniel - Dansk Wilton","og_description":"[vc_row type=&#8220;full_width_background&#8220; full_screen_row_position=&#8220;middle&#8220; equal_height=&#8220;yes&#8220; content_placement=&#8220;middle&#8220; column_margin=&#8220;default&#8220; bg_image=&#8220;14794&#8243; bg_position=&#8220;center bottom&#8220; bg_repeat=&#8220;no-repeat&#8220; scene_position=&#8220;center&#8220; text_color=&#8220;custom&#8220; text_align=&#8220;left&#8220; top_padding=&#8220;120&#8243; bottom_padding=&#8220;120&#8243;...","og_url":"https:\/\/danskwilton.com\/de\/hej-daniel\/","og_site_name":"Dansk Wilton","article_modified_time":"2020-11-24T09:57:18+00:00","og_image":[{"width":1200,"height":630,"url":"https:\/\/danskwilton.com\/wp-content\/uploads\/2020\/11\/hej-daniel-angelique-krauter-dansk-wilton.jpg","type":"image\/jpeg"}],"twitter_card":"summary_large_image","twitter_misc":{"Gesch\u00e4tzte Lesezeit":"6\u00a0Minuten"},"schema":{"@context":"https:\/\/schema.org","@graph":[{"@type":"WebPage","@id":"https:\/\/danskwilton.com\/de\/hej-daniel\/","url":"https:\/\/danskwilton.com\/de\/hej-daniel\/","name":"Hej Daniel - Dansk Wilton","isPartOf":{"@id":"https:\/\/danskwilton.com\/#website"},"primaryImageOfPage":{"@id":"https:\/\/danskwilton.com\/de\/hej-daniel\/#primaryimage"},"image":{"@id":"https:\/\/danskwilton.com\/de\/hej-daniel\/#primaryimage"},"thumbnailUrl":"https:\/\/danskwilton.com\/wp-content\/uploads\/2020\/11\/hej-daniel-angelique-krauter-dansk-wilton.jpg","datePublished":"2020-11-17T11:44:49+00:00","dateModified":"2020-11-24T09:57:18+00:00","breadcrumb":{"@id":"https:\/\/danskwilton.com\/de\/hej-daniel\/#breadcrumb"},"inLanguage":"de","potentialAction":[{"@type":"ReadAction","target":["https:\/\/danskwilton.com\/de\/hej-daniel\/"]}]},{"@type":"ImageObject","inLanguage":"de","@id":"https:\/\/danskwilton.com\/de\/hej-daniel\/#primaryimage","url":"https:\/\/danskwilton.com\/wp-content\/uploads\/2020\/11\/hej-daniel-angelique-krauter-dansk-wilton.jpg","contentUrl":"https:\/\/danskwilton.com\/wp-content\/uploads\/2020\/11\/hej-daniel-angelique-krauter-dansk-wilton.jpg","width":1200,"height":630},{"@type":"BreadcrumbList","@id":"https:\/\/danskwilton.com\/de\/hej-daniel\/#breadcrumb","itemListElement":[{"@type":"ListItem","position":1,"name":"Home","item":"https:\/\/danskwilton.com\/de\/frontpage\/"},{"@type":"ListItem","position":2,"name":"Hej Daniel"}]},{"@type":"WebSite","@id":"https:\/\/danskwilton.com\/#website","url":"https:\/\/danskwilton.com\/","name":"Dansk Wilton","description":"Custom Designed Carpets","potentialAction":[{"@type":"SearchAction","target":{"@type":"EntryPoint","urlTemplate":"https:\/\/danskwilton.com\/?s={search_term_string}"},"query-input":{"@type":"PropertyValueSpecification","valueRequired":true,"valueName":"search_term_string"}}],"inLanguage":"de"}]}},"_links":{"self":[{"href":"https:\/\/danskwilton.com\/de\/wp-json\/wp\/v2\/pages\/15065","targetHints":{"allow":["GET"]}}],"collection":[{"href":"https:\/\/danskwilton.com\/de\/wp-json\/wp\/v2\/pages"}],"about":[{"href":"https:\/\/danskwilton.com\/de\/wp-json\/wp\/v2\/types\/page"}],"author":[{"embeddable":true,"href":"https:\/\/danskwilton.com\/de\/wp-json\/wp\/v2\/users\/3"}],"replies":[{"embeddable":true,"href":"https:\/\/danskwilton.com\/de\/wp-json\/wp\/v2\/comments?post=15065"}],"version-history":[{"count":20,"href":"https:\/\/danskwilton.com\/de\/wp-json\/wp\/v2\/pages\/15065\/revisions"}],"predecessor-version":[{"id":15223,"href":"https:\/\/danskwilton.com\/de\/wp-json\/wp\/v2\/pages\/15065\/revisions\/15223"}],"wp:featuredmedia":[{"embeddable":true,"href":"https:\/\/danskwilton.com\/de\/wp-json\/wp\/v2\/media\/15098"}],"wp:attachment":[{"href":"https:\/\/danskwilton.com\/de\/wp-json\/wp\/v2\/media?parent=15065"}],"curies":[{"name":"wp","href":"https:\/\/api.w.org\/{rel}","templated":true}]}}