{"id":9138,"date":"2018-01-30T13:21:37","date_gmt":"2018-01-30T13:21:37","guid":{"rendered":"https:\/\/danskwilton.com\/carpets\/dw-contract-hand-tuft\/"},"modified":"2025-01-27T10:36:21","modified_gmt":"2025-01-27T10:36:21","slug":"dw-contract-hand-tuft","status":"publish","type":"page","link":"https:\/\/danskwilton.com\/de\/teppichboeden\/dw-contract-hand-tuft\/","title":{"rendered":"Hand Tuft Rugs"},"content":{"rendered":"[vc_row type=&#8220;in_container&#8220; full_screen_row_position=&#8220;middle&#8220; column_margin=&#8220;default&#8220; scene_position=&#8220;center&#8220; text_color=&#8220;dark&#8220; text_align=&#8220;left&#8220; overlay_strength=&#8220;0.3&#8243; shape_divider_position=&#8220;bottom&#8220; bg_image_animation=&#8220;none&#8220;][vc_column column_padding=&#8220;no-extra-padding&#8220; column_padding_position=&#8220;all&#8220; background_color_opacity=&#8220;1&#8243; background_hover_color_opacity=&#8220;1&#8243; column_link_target=&#8220;_self&#8220; column_shadow=&#8220;none&#8220; column_border_radius=&#8220;none&#8220; width=&#8220;1\/4&#8243; tablet_width_inherit=&#8220;default&#8220; tablet_text_alignment=&#8220;default&#8220; phone_text_alignment=&#8220;default&#8220; overlay_strength=&#8220;0.3&#8243; column_border_width=&#8220;none&#8220; column_border_style=&#8220;solid&#8220; bg_image_animation=&#8220;none&#8220;][\/vc_column][vc_column column_padding=&#8220;no-extra-padding&#8220; column_padding_position=&#8220;all&#8220; background_color_opacity=&#8220;1&#8243; background_hover_color_opacity=&#8220;1&#8243; column_link_target=&#8220;_self&#8220; column_shadow=&#8220;none&#8220; column_border_radius=&#8220;none&#8220; width=&#8220;1\/2&#8243; tablet_width_inherit=&#8220;default&#8220; tablet_text_alignment=&#8220;default&#8220; phone_text_alignment=&#8220;default&#8220; overlay_strength=&#8220;0.3&#8243; column_border_width=&#8220;none&#8220; column_border_style=&#8220;solid&#8220; bg_image_animation=&#8220;none&#8220;][vc_column_text]\n<h1 style=\"text-align: center;\"><strong><a href=\"https:\/\/danskwilton.com\/de\/teppichboeden\/\">TEPPICHB\u00d6DEN<\/a>\u00a0\/<br \/>\n<\/strong>HANDTUFT<\/h1>\n<p style=\"text-align: center;\">F\u00fcr die wachsende Beliebtheit von abgepassten und handgetufteten Teppichen von Dansk Wilton in der Inneneinrichtung von Hotels gibt es viele gute Gr\u00fcnde.<\/p>\n[\/vc_column_text][\/vc_column][vc_column column_padding=&#8220;no-extra-padding&#8220; column_padding_position=&#8220;all&#8220; background_color_opacity=&#8220;1&#8243; background_hover_color_opacity=&#8220;1&#8243; column_link_target=&#8220;_self&#8220; column_shadow=&#8220;none&#8220; column_border_radius=&#8220;none&#8220; width=&#8220;1\/4&#8243; tablet_width_inherit=&#8220;default&#8220; tablet_text_alignment=&#8220;default&#8220; phone_text_alignment=&#8220;default&#8220; overlay_strength=&#8220;0.3&#8243; column_border_width=&#8220;none&#8220; column_border_style=&#8220;solid&#8220; bg_image_animation=&#8220;none&#8220;][\/vc_column][\/vc_row][vc_row type=&#8220;in_container&#8220; full_screen_row_position=&#8220;middle&#8220; column_margin=&#8220;default&#8220; scene_position=&#8220;center&#8220; text_color=&#8220;dark&#8220; text_align=&#8220;left&#8220; overlay_strength=&#8220;0.3&#8243; shape_divider_position=&#8220;bottom&#8220; bg_image_animation=&#8220;none&#8220;][vc_column column_padding=&#8220;no-extra-padding&#8220; column_padding_position=&#8220;all&#8220; background_color_opacity=&#8220;1&#8243; background_hover_color_opacity=&#8220;1&#8243; column_link_target=&#8220;_self&#8220; column_shadow=&#8220;none&#8220; column_border_radius=&#8220;none&#8220; width=&#8220;1\/1&#8243; tablet_width_inherit=&#8220;default&#8220; tablet_text_alignment=&#8220;default&#8220; phone_text_alignment=&#8220;default&#8220; overlay_strength=&#8220;0.3&#8243; column_border_width=&#8220;none&#8220; column_border_style=&#8220;solid&#8220; bg_image_animation=&#8220;none&#8220;][vc_row type=\"in_container\" class=\"top-action-icons\" full_screen_row_position=\"middle\" scene_position=\"center\" text_color=\"dark\" text_align=\"left\" overlay_strength=\"0.3\" shape_divider_position=\"bottom\"][vc_column column_padding=\"no-extra-padding\" column_padding_position=\"all\" background_color_opacity=\"1\" background_hover_color_opacity=\"1\" column_shadow=\"none\" column_border_radius=\"none\" el_class=\"action-icons-bar responsive_link_back flex-center\" width=\"1\/1\" tablet_text_alignment=\"default\" phone_text_alignment=\"default\" column_border_width=\"none\" column_border_style=\"solid\"][vc_row_inner column_margin=\"default\" text_align=\"left\"][vc_column_inner column_padding=\"no-extra-padding\" column_padding_position=\"all\" background_color_opacity=\"1\" background_hover_color_opacity=\"1\" column_shadow=\"none\" column_border_radius=\"none\" width=\"1\/1\" column_border_width=\"none\" column_border_style=\"solid\"][nectar_icon icon_family=\"linea\" icon_style=\"default\" icon_color=\"Extra-Color-3\" icon_padding=\"0px\" icon_linea=\"icon-arrows-slim-left\" icon_size=\"30\" url=\"https:\/\/danskwilton.com\/de\/teppichboeden\/\"][\/vc_column_inner][\/vc_row_inner][\/vc_column][\/vc_row][\/vc_column][\/vc_row][vc_row type=&#8220;in_container&#8220; full_screen_row_position=&#8220;middle&#8220; column_margin=&#8220;default&#8220; scene_position=&#8220;center&#8220; text_color=&#8220;dark&#8220; text_align=&#8220;left&#8220; overlay_strength=&#8220;0.3&#8243; shape_divider_position=&#8220;bottom&#8220; bg_image_animation=&#8220;none&#8220;][vc_column column_padding=&#8220;no-extra-padding&#8220; column_padding_position=&#8220;all&#8220; background_color_opacity=&#8220;1&#8243; background_hover_color_opacity=&#8220;1&#8243; column_link_target=&#8220;_self&#8220; column_shadow=&#8220;none&#8220; column_border_radius=&#8220;none&#8220; width=&#8220;1\/1&#8243; tablet_width_inherit=&#8220;default&#8220; tablet_text_alignment=&#8220;default&#8220; phone_text_alignment=&#8220;default&#8220; overlay_strength=&#8220;0.3&#8243; column_border_width=&#8220;none&#8220; column_border_style=&#8220;solid&#8220; bg_image_animation=&#8220;none&#8220;][image_with_animation image_url=&#8220;7280&#8243; alignment=&#8220;center&#8220; animation=&#8220;Fade In&#8220; hover_animation=&#8220;none&#8220; border_radius=&#8220;none&#8220; box_shadow=&#8220;none&#8220; image_loading=&#8220;default&#8220; max_width=&#8220;100%&#8220; max_width_mobile=&#8220;default&#8220;][\/vc_column][\/vc_row][vc_row type=&#8220;in_container&#8220; full_screen_row_position=&#8220;middle&#8220; column_margin=&#8220;default&#8220; scene_position=&#8220;center&#8220; text_color=&#8220;dark&#8220; text_align=&#8220;left&#8220; overlay_strength=&#8220;0.3&#8243; shape_divider_position=&#8220;bottom&#8220; bg_image_animation=&#8220;none&#8220;][vc_column column_padding=&#8220;no-extra-padding&#8220; column_padding_position=&#8220;all&#8220; background_color_opacity=&#8220;1&#8243; background_hover_color_opacity=&#8220;1&#8243; column_link_target=&#8220;_self&#8220; column_shadow=&#8220;none&#8220; column_border_radius=&#8220;none&#8220; width=&#8220;1\/2&#8243; tablet_width_inherit=&#8220;default&#8220; tablet_text_alignment=&#8220;default&#8220; phone_text_alignment=&#8220;default&#8220; overlay_strength=&#8220;0.3&#8243; column_border_width=&#8220;none&#8220; column_border_style=&#8220;solid&#8220; bg_image_animation=&#8220;none&#8220;][\/vc_column][vc_column column_padding=&#8220;no-extra-padding&#8220; column_padding_position=&#8220;all&#8220; background_color_opacity=&#8220;1&#8243; background_hover_color_opacity=&#8220;1&#8243; column_link_target=&#8220;_self&#8220; column_shadow=&#8220;none&#8220; column_border_radius=&#8220;none&#8220; top_margin=&#8220;2%&#8220; width=&#8220;1\/2&#8243; tablet_width_inherit=&#8220;default&#8220; tablet_text_alignment=&#8220;default&#8220; phone_text_alignment=&#8220;default&#8220; overlay_strength=&#8220;0.3&#8243; column_border_width=&#8220;none&#8220; column_border_style=&#8220;solid&#8220; bg_image_animation=&#8220;none&#8220;][divider line_type=&#8220;Full Width Line&#8220; line_thickness=&#8220;1&#8243; divider_color=&#8220;accent-color&#8220; custom_height=&#8220;1&#8243;][vc_column_text css=&#8220;.vc_custom_1526028815588{padding-top: 48px !important;padding-bottom: 15px !important;}&#8220;]\n<h2>DW Contract Handtuft<\/h2>\n[\/vc_column_text][\/vc_column][\/vc_row][vc_row type=&#8220;in_container&#8220; full_screen_row_position=&#8220;middle&#8220; column_margin=&#8220;default&#8220; scene_position=&#8220;center&#8220; text_color=&#8220;dark&#8220; text_align=&#8220;left&#8220; overlay_strength=&#8220;0.3&#8243; shape_divider_position=&#8220;bottom&#8220; bg_image_animation=&#8220;none&#8220;][vc_column column_padding=&#8220;no-extra-padding&#8220; column_padding_position=&#8220;all&#8220; background_color_opacity=&#8220;1&#8243; background_hover_color_opacity=&#8220;1&#8243; column_link_target=&#8220;_self&#8220; column_shadow=&#8220;none&#8220; column_border_radius=&#8220;none&#8220; top_margin=&#8220;2%&#8220; width=&#8220;1\/1&#8243; tablet_width_inherit=&#8220;default&#8220; tablet_text_alignment=&#8220;default&#8220; phone_text_alignment=&#8220;default&#8220; overlay_strength=&#8220;0.3&#8243; column_border_width=&#8220;none&#8220; column_border_style=&#8220;solid&#8220; bg_image_animation=&#8220;none&#8220; offset=&#8220;vc_hidden-md vc_hidden-sm vc_hidden-xs&#8220;][divider line_type=&#8220;Full Width Line&#8220; line_thickness=&#8220;1&#8243; divider_color=&#8220;accent-color&#8220; custom_height=&#8220;1&#8243;][\/vc_column][\/vc_row][vc_row type=&#8220;in_container&#8220; full_screen_row_position=&#8220;middle&#8220; column_margin=&#8220;default&#8220; scene_position=&#8220;center&#8220; text_color=&#8220;dark&#8220; text_align=&#8220;left&#8220; top_padding=&#8220;45&#8243; overlay_strength=&#8220;0.3&#8243; shape_divider_position=&#8220;bottom&#8220; bg_image_animation=&#8220;none&#8220; shape_type=&#8220;&#8220;][vc_column column_padding=&#8220;no-extra-padding&#8220; column_padding_position=&#8220;all&#8220; background_color_opacity=&#8220;1&#8243; background_hover_color_opacity=&#8220;1&#8243; column_link_target=&#8220;_self&#8220; column_shadow=&#8220;none&#8220; column_border_radius=&#8220;none&#8220; width=&#8220;1\/2&#8243; tablet_width_inherit=&#8220;default&#8220; tablet_text_alignment=&#8220;default&#8220; phone_text_alignment=&#8220;default&#8220; overlay_strength=&#8220;0.3&#8243; column_border_width=&#8220;none&#8220; column_border_style=&#8220;solid&#8220; bg_image_animation=&#8220;none&#8220; offset=&#8220;vc_hidden-sm vc_hidden-xs&#8220;][vc_column_text]\n<h3><strong><span style=\"text-transform: uppercase !important;\" class=\"page-short-tag\">Teppichb\u00f6den<\/span><\/strong><\/h3>\n[\/vc_column_text][vc_column_text]&nbsp;<\/p>\n<p><em>Wir unterst\u00fctzen Sie gerne mit Beratung und Empfehlungen<\/em>[\/vc_column_text][nectar_btn size=&#8220;small&#8220; button_style=&#8220;regular&#8220; button_color_2=&#8220;Accent-Color&#8220; color_override=&#8220;#000000&#8243; icon_family=&#8220;iconsmind&#8220; url=&#8220;mailto:dw@dansk-wilton.dk&#8220; text=&#8220;Kontakt&#8220; icon_iconsmind=&#8220;iconsmind-Email&#8220;][\/vc_column][vc_column column_padding=&#8220;no-extra-padding&#8220; column_padding_position=&#8220;all&#8220; background_color_opacity=&#8220;1&#8243; background_hover_color_opacity=&#8220;1&#8243; column_link_target=&#8220;_self&#8220; column_shadow=&#8220;none&#8220; column_border_radius=&#8220;none&#8220; width=&#8220;1\/2&#8243; tablet_width_inherit=&#8220;default&#8220; tablet_text_alignment=&#8220;default&#8220; phone_text_alignment=&#8220;default&#8220; overlay_strength=&#8220;0.3&#8243; column_border_width=&#8220;none&#8220; column_border_style=&#8220;solid&#8220; bg_image_animation=&#8220;none&#8220;][vc_column_text]Handgetuftete Teppiche sorgen f\u00fcr das Mehr an Luxus, das Sie sich w\u00fcnschen, und sind aus verschiedenen Materialien lieferbar (100 % Wolle, Seide, Viskose und entsprechende Kombinationen).<\/p>\n<p><strong>Hier eine Auswahl der vielen Vorteile, die handgetuftete Teppiche und Teppichb\u00f6den im Innenraumdesign bieten:<\/strong><\/p>\n<ul>\n<li>Sie runden die farbliche Gestaltung eines Zimmers ab.<\/li>\n<li>Sie geben Mobiliar einen festen Platz. Sie verleihen einem Raum ein in sich stimmiges und koh\u00e4rentes Aussehen.<\/li>\n<li>Sie sind wundersch\u00f6ne \u201eKunstwerke\u201c. Sie bringen Farbe und grafische Elemente in einen Raum und helfen dabei, einen dynamischen Treffpunkt zu schaffen.<\/li>\n<li>Sie sorgen f\u00fcr ein Gef\u00fchl von W\u00e4rme und Komfort. Besonders bei harten Bodenbel\u00e4gen, wie Hartholz, Beton oder Fliesen, lernen Sie das angenehme Fu\u00dfgef\u00fchl von abgepassten Teppichen zu sch\u00e4tzen.<br \/>\nSchalld\u00e4mmung \u2013 Abgepasste Teppiche schlucken hervorragend L\u00e4rm.<\/li>\n<\/ul>\n<p>Es sind nicht nur handgetuftete Teppiche erh\u00e4ltlich. Vielmehr k\u00f6nnen alle unsere Axminster- und ColorTec-Teppichb\u00f6den in wundersch\u00f6ne abgepasste Teppiche verwandelt werden. Alle individuellen abgepassten Teppiche k\u00f6nnen besonders zugeschnitten werden und sind mit einer Auswahl an Kantenabschl\u00fcssen lieferbar. So erhalten Sie das Aussehen und die Beschaffenheit, die Sie sich w\u00fcnschen.<\/p>\n<p>Wenn Sie mehr \u00fcber abgepasste und handgetuftete Teppiche erfahren m\u00f6chten, dann setzen Sie sich mit uns in Verbindung.<\/p>\n<p>Klicken Sie hier, um sich die technischen <a href=\"https:\/\/danskwilton.com\/de\/downloads\/#spezifikationen\"><span style=\"color: #000000;\"><strong>Produktspezifikationen<\/strong><\/span><\/a>\u00a0anzusehen.[\/vc_column_text][\/vc_column][\/vc_row][vc_row type=&#8220;in_container&#8220; full_screen_row_position=&#8220;middle&#8220; column_margin=&#8220;default&#8220; scene_position=&#8220;center&#8220; text_color=&#8220;dark&#8220; text_align=&#8220;left&#8220; overlay_strength=&#8220;0.3&#8243; shape_divider_position=&#8220;bottom&#8220; bg_image_animation=&#8220;none&#8220;][vc_column column_padding=&#8220;no-extra-padding&#8220; column_padding_position=&#8220;all&#8220; background_color_opacity=&#8220;1&#8243; background_hover_color_opacity=&#8220;1&#8243; column_link_target=&#8220;_self&#8220; column_shadow=&#8220;none&#8220; column_border_radius=&#8220;none&#8220; width=&#8220;1\/6&#8243; tablet_width_inherit=&#8220;default&#8220; tablet_text_alignment=&#8220;default&#8220; phone_text_alignment=&#8220;default&#8220; overlay_strength=&#8220;0.3&#8243; column_border_width=&#8220;none&#8220; column_border_style=&#8220;solid&#8220; bg_image_animation=&#8220;none&#8220;][\/vc_column][vc_column column_padding=&#8220;no-extra-padding&#8220; column_padding_position=&#8220;all&#8220; background_color_opacity=&#8220;1&#8243; background_hover_color_opacity=&#8220;1&#8243; column_link_target=&#8220;_self&#8220; column_shadow=&#8220;none&#8220; column_border_radius=&#8220;none&#8220; top_margin=&#8220;6%&#8220; bottom_margin=&#8220;3%&#8220; width=&#8220;2\/3&#8243; tablet_width_inherit=&#8220;default&#8220; tablet_text_alignment=&#8220;default&#8220; phone_text_alignment=&#8220;default&#8220; overlay_strength=&#8220;0.3&#8243; column_border_width=&#8220;none&#8220; column_border_style=&#8220;solid&#8220; bg_image_animation=&#8220;none&#8220;][divider line_type=&#8220;Full Width Line&#8220; line_thickness=&#8220;1&#8243; divider_color=&#8220;accent-color&#8220; custom_height=&#8220;1&#8243;][\/vc_column][vc_column column_padding=&#8220;no-extra-padding&#8220; column_padding_position=&#8220;all&#8220; background_color_opacity=&#8220;1&#8243; background_hover_color_opacity=&#8220;1&#8243; column_link_target=&#8220;_self&#8220; column_shadow=&#8220;none&#8220; column_border_radius=&#8220;none&#8220; width=&#8220;1\/6&#8243; tablet_width_inherit=&#8220;default&#8220; tablet_text_alignment=&#8220;default&#8220; phone_text_alignment=&#8220;default&#8220; overlay_strength=&#8220;0.3&#8243; column_border_width=&#8220;none&#8220; column_border_style=&#8220;solid&#8220; bg_image_animation=&#8220;none&#8220;][\/vc_column][\/vc_row]\n","protected":false},"excerpt":{"rendered":"<p>[vc_row type=&#8220;in_container&#8220; full_screen_row_position=&#8220;middle&#8220; column_margin=&#8220;default&#8220; scene_position=&#8220;center&#8220; text_color=&#8220;dark&#8220; text_align=&#8220;left&#8220; overlay_strength=&#8220;0.3&#8243; shape_divider_position=&#8220;bottom&#8220; bg_image_animation=&#8220;none&#8220;][vc_column column_padding=&#8220;no-extra-padding&#8220; column_padding_position=&#8220;all&#8220; background_color_opacity=&#8220;1&#8243; background_hover_color_opacity=&#8220;1&#8243; column_link_target=&#8220;_self&#8220;&#8230;<\/p>\n","protected":false},"author":1,"featured_media":9141,"parent":8364,"menu_order":9,"comment_status":"closed","ping_status":"closed","template":"","meta":{"_acf_changed":false,"inline_featured_image":false,"footnotes":""},"class_list":["post-9138","page","type-page","status-publish","has-post-thumbnail"],"acf":[],"yoast_head":"<!-- This site is optimized with the Yoast SEO plugin v27.4 - https:\/\/yoast.com\/product\/yoast-seo-wordpress\/ -->\n<title>Dansk Wilton Handgetuftete Teppiche - das Mehr an Luxus<\/title>\n<meta name=\"description\" content=\"F\u00fcr die wachsende Beliebtheit von abgepassten und handgetufteten Teppichen von Dansk Wilton in der Inneneinrichtung von Hotels gibt es viele gute Gr\u00fcnde.\" \/>\n<meta name=\"robots\" content=\"index, follow, max-snippet:-1, max-image-preview:large, max-video-preview:-1\" \/>\n<link rel=\"canonical\" href=\"https:\/\/danskwilton.com\/de\/teppichboeden\/dw-contract-hand-tuft\/\" \/>\n<meta property=\"og:locale\" content=\"de_DE\" \/>\n<meta property=\"og:type\" content=\"article\" \/>\n<meta property=\"og:title\" content=\"Dansk Wilton Handgetuftete Teppiche - das Mehr an Luxus\" \/>\n<meta property=\"og:description\" content=\"F\u00fcr die wachsende Beliebtheit von abgepassten und handgetufteten Teppichen von Dansk Wilton in der Inneneinrichtung von Hotels gibt es viele gute Gr\u00fcnde.\" \/>\n<meta property=\"og:url\" content=\"https:\/\/danskwilton.com\/de\/teppichboeden\/dw-contract-hand-tuft\/\" \/>\n<meta property=\"og:site_name\" content=\"Dansk Wilton\" \/>\n<meta property=\"article:modified_time\" content=\"2025-01-27T10:36:21+00:00\" \/>\n<meta property=\"og:image\" content=\"https:\/\/danskwilton.com\/wp-content\/uploads\/2018\/02\/head-6.jpg\" \/>\n\t<meta property=\"og:image:width\" content=\"1980\" \/>\n\t<meta property=\"og:image:height\" content=\"823\" \/>\n\t<meta property=\"og:image:type\" content=\"image\/jpeg\" \/>\n<meta name=\"twitter:card\" content=\"summary_large_image\" \/>\n<meta name=\"twitter:label1\" content=\"Gesch\u00e4tzte Lesezeit\" \/>\n\t<meta name=\"twitter:data1\" content=\"3\u00a0Minuten\" \/>\n<script type=\"application\/ld+json\" class=\"yoast-schema-graph\">{\"@context\":\"https:\\\/\\\/schema.org\",\"@graph\":[{\"@type\":\"WebPage\",\"@id\":\"https:\\\/\\\/danskwilton.com\\\/de\\\/teppichboeden\\\/dw-contract-hand-tuft\\\/\",\"url\":\"https:\\\/\\\/danskwilton.com\\\/de\\\/teppichboeden\\\/dw-contract-hand-tuft\\\/\",\"name\":\"Dansk Wilton Handgetuftete Teppiche - das Mehr an Luxus\",\"isPartOf\":{\"@id\":\"https:\\\/\\\/danskwilton.com\\\/#website\"},\"primaryImageOfPage\":{\"@id\":\"https:\\\/\\\/danskwilton.com\\\/de\\\/teppichboeden\\\/dw-contract-hand-tuft\\\/#primaryimage\"},\"image\":{\"@id\":\"https:\\\/\\\/danskwilton.com\\\/de\\\/teppichboeden\\\/dw-contract-hand-tuft\\\/#primaryimage\"},\"thumbnailUrl\":\"https:\\\/\\\/danskwilton.com\\\/wp-content\\\/uploads\\\/2018\\\/02\\\/head-6.jpg\",\"datePublished\":\"2018-01-30T13:21:37+00:00\",\"dateModified\":\"2025-01-27T10:36:21+00:00\",\"description\":\"F\u00fcr die wachsende Beliebtheit von abgepassten und handgetufteten Teppichen von Dansk Wilton in der Inneneinrichtung von Hotels gibt es viele gute Gr\u00fcnde.\",\"breadcrumb\":{\"@id\":\"https:\\\/\\\/danskwilton.com\\\/de\\\/teppichboeden\\\/dw-contract-hand-tuft\\\/#breadcrumb\"},\"inLanguage\":\"de\",\"potentialAction\":[{\"@type\":\"ReadAction\",\"target\":[\"https:\\\/\\\/danskwilton.com\\\/de\\\/teppichboeden\\\/dw-contract-hand-tuft\\\/\"]}]},{\"@type\":\"ImageObject\",\"inLanguage\":\"de\",\"@id\":\"https:\\\/\\\/danskwilton.com\\\/de\\\/teppichboeden\\\/dw-contract-hand-tuft\\\/#primaryimage\",\"url\":\"https:\\\/\\\/danskwilton.com\\\/wp-content\\\/uploads\\\/2018\\\/02\\\/head-6.jpg\",\"contentUrl\":\"https:\\\/\\\/danskwilton.com\\\/wp-content\\\/uploads\\\/2018\\\/02\\\/head-6.jpg\",\"width\":1980,\"height\":823,\"caption\":\"Hand tufted carpets from Dansk Wilton is great quality\"},{\"@type\":\"BreadcrumbList\",\"@id\":\"https:\\\/\\\/danskwilton.com\\\/de\\\/teppichboeden\\\/dw-contract-hand-tuft\\\/#breadcrumb\",\"itemListElement\":[{\"@type\":\"ListItem\",\"position\":1,\"name\":\"Home\",\"item\":\"https:\\\/\\\/danskwilton.com\\\/de\\\/frontpage\\\/\"},{\"@type\":\"ListItem\",\"position\":2,\"name\":\"Teppichb\u00f6den\",\"item\":\"https:\\\/\\\/danskwilton.com\\\/de\\\/teppichboeden\\\/\"},{\"@type\":\"ListItem\",\"position\":3,\"name\":\"Hand Tuft Rugs\"}]},{\"@type\":\"WebSite\",\"@id\":\"https:\\\/\\\/danskwilton.com\\\/#website\",\"url\":\"https:\\\/\\\/danskwilton.com\\\/\",\"name\":\"Dansk Wilton\",\"description\":\"Custom Designed Carpets\",\"potentialAction\":[{\"@type\":\"SearchAction\",\"target\":{\"@type\":\"EntryPoint\",\"urlTemplate\":\"https:\\\/\\\/danskwilton.com\\\/?s={search_term_string}\"},\"query-input\":{\"@type\":\"PropertyValueSpecification\",\"valueRequired\":true,\"valueName\":\"search_term_string\"}}],\"inLanguage\":\"de\"}]}<\/script>\n<!-- \/ Yoast SEO plugin. -->","yoast_head_json":{"title":"Dansk Wilton Handgetuftete Teppiche - das Mehr an Luxus","description":"F\u00fcr die wachsende Beliebtheit von abgepassten und handgetufteten Teppichen von Dansk Wilton in der Inneneinrichtung von Hotels gibt es viele gute Gr\u00fcnde.","robots":{"index":"index","follow":"follow","max-snippet":"max-snippet:-1","max-image-preview":"max-image-preview:large","max-video-preview":"max-video-preview:-1"},"canonical":"https:\/\/danskwilton.com\/de\/teppichboeden\/dw-contract-hand-tuft\/","og_locale":"de_DE","og_type":"article","og_title":"Dansk Wilton Handgetuftete Teppiche - das Mehr an Luxus","og_description":"F\u00fcr die wachsende Beliebtheit von abgepassten und handgetufteten Teppichen von Dansk Wilton in der Inneneinrichtung von Hotels gibt es viele gute Gr\u00fcnde.","og_url":"https:\/\/danskwilton.com\/de\/teppichboeden\/dw-contract-hand-tuft\/","og_site_name":"Dansk Wilton","article_modified_time":"2025-01-27T10:36:21+00:00","og_image":[{"width":1980,"height":823,"url":"https:\/\/danskwilton.com\/wp-content\/uploads\/2018\/02\/head-6.jpg","type":"image\/jpeg"}],"twitter_card":"summary_large_image","twitter_misc":{"Gesch\u00e4tzte Lesezeit":"3\u00a0Minuten"},"schema":{"@context":"https:\/\/schema.org","@graph":[{"@type":"WebPage","@id":"https:\/\/danskwilton.com\/de\/teppichboeden\/dw-contract-hand-tuft\/","url":"https:\/\/danskwilton.com\/de\/teppichboeden\/dw-contract-hand-tuft\/","name":"Dansk Wilton Handgetuftete Teppiche - das Mehr an Luxus","isPartOf":{"@id":"https:\/\/danskwilton.com\/#website"},"primaryImageOfPage":{"@id":"https:\/\/danskwilton.com\/de\/teppichboeden\/dw-contract-hand-tuft\/#primaryimage"},"image":{"@id":"https:\/\/danskwilton.com\/de\/teppichboeden\/dw-contract-hand-tuft\/#primaryimage"},"thumbnailUrl":"https:\/\/danskwilton.com\/wp-content\/uploads\/2018\/02\/head-6.jpg","datePublished":"2018-01-30T13:21:37+00:00","dateModified":"2025-01-27T10:36:21+00:00","description":"F\u00fcr die wachsende Beliebtheit von abgepassten und handgetufteten Teppichen von Dansk Wilton in der Inneneinrichtung von Hotels gibt es viele gute Gr\u00fcnde.","breadcrumb":{"@id":"https:\/\/danskwilton.com\/de\/teppichboeden\/dw-contract-hand-tuft\/#breadcrumb"},"inLanguage":"de","potentialAction":[{"@type":"ReadAction","target":["https:\/\/danskwilton.com\/de\/teppichboeden\/dw-contract-hand-tuft\/"]}]},{"@type":"ImageObject","inLanguage":"de","@id":"https:\/\/danskwilton.com\/de\/teppichboeden\/dw-contract-hand-tuft\/#primaryimage","url":"https:\/\/danskwilton.com\/wp-content\/uploads\/2018\/02\/head-6.jpg","contentUrl":"https:\/\/danskwilton.com\/wp-content\/uploads\/2018\/02\/head-6.jpg","width":1980,"height":823,"caption":"Hand tufted carpets from Dansk Wilton is great quality"},{"@type":"BreadcrumbList","@id":"https:\/\/danskwilton.com\/de\/teppichboeden\/dw-contract-hand-tuft\/#breadcrumb","itemListElement":[{"@type":"ListItem","position":1,"name":"Home","item":"https:\/\/danskwilton.com\/de\/frontpage\/"},{"@type":"ListItem","position":2,"name":"Teppichb\u00f6den","item":"https:\/\/danskwilton.com\/de\/teppichboeden\/"},{"@type":"ListItem","position":3,"name":"Hand Tuft Rugs"}]},{"@type":"WebSite","@id":"https:\/\/danskwilton.com\/#website","url":"https:\/\/danskwilton.com\/","name":"Dansk Wilton","description":"Custom Designed Carpets","potentialAction":[{"@type":"SearchAction","target":{"@type":"EntryPoint","urlTemplate":"https:\/\/danskwilton.com\/?s={search_term_string}"},"query-input":{"@type":"PropertyValueSpecification","valueRequired":true,"valueName":"search_term_string"}}],"inLanguage":"de"}]}},"_links":{"self":[{"href":"https:\/\/danskwilton.com\/de\/wp-json\/wp\/v2\/pages\/9138","targetHints":{"allow":["GET"]}}],"collection":[{"href":"https:\/\/danskwilton.com\/de\/wp-json\/wp\/v2\/pages"}],"about":[{"href":"https:\/\/danskwilton.com\/de\/wp-json\/wp\/v2\/types\/page"}],"author":[{"embeddable":true,"href":"https:\/\/danskwilton.com\/de\/wp-json\/wp\/v2\/users\/1"}],"replies":[{"embeddable":true,"href":"https:\/\/danskwilton.com\/de\/wp-json\/wp\/v2\/comments?post=9138"}],"version-history":[{"count":5,"href":"https:\/\/danskwilton.com\/de\/wp-json\/wp\/v2\/pages\/9138\/revisions"}],"predecessor-version":[{"id":22815,"href":"https:\/\/danskwilton.com\/de\/wp-json\/wp\/v2\/pages\/9138\/revisions\/22815"}],"up":[{"embeddable":true,"href":"https:\/\/danskwilton.com\/de\/wp-json\/wp\/v2\/pages\/8364"}],"wp:featuredmedia":[{"embeddable":true,"href":"https:\/\/danskwilton.com\/de\/wp-json\/wp\/v2\/media\/9141"}],"wp:attachment":[{"href":"https:\/\/danskwilton.com\/de\/wp-json\/wp\/v2\/media?parent=9138"}],"curies":[{"name":"wp","href":"https:\/\/api.w.org\/{rel}","templated":true}]}}