{"id":9167,"date":"2018-01-29T11:29:54","date_gmt":"2018-01-29T11:29:54","guid":{"rendered":"https:\/\/danskwilton.com\/design-inspiration\/new-east\/"},"modified":"2018-11-23T15:01:10","modified_gmt":"2018-11-23T15:01:10","slug":"new-east","status":"publish","type":"page","link":"https:\/\/danskwilton.com\/de\/design-inspiration\/new-east\/","title":{"rendered":"New East"},"content":{"rendered":"[vc_row type=&#8220;in_container&#8220; full_screen_row_position=&#8220;middle&#8220; scene_position=&#8220;center&#8220; text_color=&#8220;dark&#8220; text_align=&#8220;left&#8220; overlay_strength=&#8220;0.3&#8243; shape_divider_position=&#8220;bottom&#8220;][vc_column column_padding=&#8220;no-extra-padding&#8220; column_padding_position=&#8220;all&#8220; background_color_opacity=&#8220;1&#8243; background_hover_color_opacity=&#8220;1&#8243; column_shadow=&#8220;none&#8220; column_border_radius=&#8220;none&#8220; width=&#8220;1\/1&#8243; tablet_text_alignment=&#8220;default&#8220; phone_text_alignment=&#8220;default&#8220; column_border_width=&#8220;none&#8220; column_border_style=&#8220;solid&#8220;][vc_row_inner column_margin=&#8220;default&#8220; text_align=&#8220;left&#8220;][vc_column_inner column_padding=&#8220;no-extra-padding&#8220; column_padding_position=&#8220;all&#8220; background_color_opacity=&#8220;1&#8243; background_hover_color_opacity=&#8220;1&#8243; column_shadow=&#8220;none&#8220; column_border_radius=&#8220;none&#8220; width=&#8220;1\/4&#8243; column_border_width=&#8220;none&#8220; column_border_style=&#8220;solid&#8220;][\/vc_column_inner][vc_column_inner column_padding=&#8220;no-extra-padding&#8220; column_padding_position=&#8220;all&#8220; background_color_opacity=&#8220;1&#8243; background_hover_color_opacity=&#8220;1&#8243; column_shadow=&#8220;none&#8220; column_border_radius=&#8220;none&#8220; width=&#8220;1\/2&#8243; column_border_width=&#8220;none&#8220; column_border_style=&#8220;solid&#8220;][vc_column_text]\n<h1 style=\"text-align: center;\"><strong><a href=\"https:\/\/danskwilton.com\/de\/design-inspiration\/\">DESIGN INSPIRATION<\/a>\u00a0\/<\/strong><br \/>\nNEW EAST<\/h1>\n<p style=\"text-align: center;\">Neue, \u00fcberraschende Interpretationen traditioneller Muster sind eines der Merkmale des frischen Design- und Architekturstils des modernen Osteuropa. Aktuelle Designs mit Wurzeln in der Tradition.<\/p>\n[\/vc_column_text][\/vc_column_inner][vc_column_inner column_padding=&#8220;no-extra-padding&#8220; column_padding_position=&#8220;all&#8220; background_color_opacity=&#8220;1&#8243; background_hover_color_opacity=&#8220;1&#8243; column_shadow=&#8220;none&#8220; column_border_radius=&#8220;none&#8220; width=&#8220;1\/4&#8243; column_border_width=&#8220;none&#8220; column_border_style=&#8220;solid&#8220;][\/vc_column_inner][\/vc_row_inner][vc_row_inner column_margin=&#8220;default&#8220; text_align=&#8220;left&#8220;][vc_column_inner column_padding=&#8220;no-extra-padding&#8220; column_padding_position=&#8220;all&#8220; background_color_opacity=&#8220;1&#8243; background_hover_color_opacity=&#8220;1&#8243; column_shadow=&#8220;none&#8220; column_border_radius=&#8220;none&#8220; width=&#8220;1\/1&#8243; column_border_width=&#8220;none&#8220; column_border_style=&#8220;solid&#8220;][vc_row type=\"in_container\" class=\"top-action-icons\" full_screen_row_position=\"middle\" scene_position=\"center\" text_color=\"dark\" text_align=\"left\" overlay_strength=\"0.3\" shape_divider_position=\"bottom\"][vc_column column_padding=\"no-extra-padding\" column_padding_position=\"all\" background_color_opacity=\"1\" background_hover_color_opacity=\"1\" column_shadow=\"none\" column_border_radius=\"none\" el_class=\"action-icons-bar responsive_link_back flex-center\" width=\"1\/1\" tablet_text_alignment=\"default\" phone_text_alignment=\"default\" column_border_width=\"none\" column_border_style=\"solid\"][vc_row_inner column_margin=\"default\" text_align=\"left\"][vc_column_inner column_padding=\"no-extra-padding\" column_padding_position=\"all\" background_color_opacity=\"1\" background_hover_color_opacity=\"1\" column_shadow=\"none\" column_border_radius=\"none\" width=\"1\/1\" column_border_width=\"none\" column_border_style=\"solid\"][nectar_icon icon_family=\"linea\" icon_style=\"default\" icon_color=\"Extra-Color-3\" icon_padding=\"0px\" icon_linea=\"icon-arrows-slim-left\" icon_size=\"30\" url=\"https:\/\/danskwilton.com\/de\/design-inspiration\/\"][\/vc_column_inner][\/vc_row_inner][\/vc_column][\/vc_row][\/vc_column_inner][\/vc_row_inner][vc_row_inner column_margin=&#8220;default&#8220; text_align=&#8220;left&#8220;][vc_column_inner column_padding=&#8220;no-extra-padding&#8220; column_padding_position=&#8220;all&#8220; background_color_opacity=&#8220;1&#8243; background_hover_color_opacity=&#8220;1&#8243; column_shadow=&#8220;none&#8220; column_border_radius=&#8220;none&#8220; width=&#8220;1\/1&#8243; column_border_width=&#8220;none&#8220; column_border_style=&#8220;solid&#8220;][image_with_animation image_url=&#8220;10724&#8243; alignment=&#8220;center&#8220; animation=&#8220;Fade In&#8220; border_radius=&#8220;none&#8220; box_shadow=&#8220;none&#8220; max_width=&#8220;100%&#8220;][\/vc_column_inner][vc_column_inner column_padding=&#8220;no-extra-padding&#8220; column_padding_position=&#8220;all&#8220; background_color_opacity=&#8220;1&#8243; background_hover_color_opacity=&#8220;1&#8243; column_shadow=&#8220;none&#8220; column_border_radius=&#8220;none&#8220; top_margin=&#8220;30&#8243; bottom_margin=&#8220;70&#8243; width=&#8220;1\/1&#8243; column_border_width=&#8220;none&#8220; column_border_style=&#8220;solid&#8220;][divider line_type=&#8220;Full Width Line&#8220; line_thickness=&#8220;1&#8243; divider_color=&#8220;accent-color&#8220; custom_height=&#8220;1&#8243;][\/vc_column_inner][vc_column_inner column_padding=&#8220;no-extra-padding&#8220; column_padding_position=&#8220;all&#8220; background_color_opacity=&#8220;1&#8243; background_hover_color_opacity=&#8220;1&#8243; column_shadow=&#8220;none&#8220; column_border_radius=&#8220;none&#8220; width=&#8220;1\/1&#8243; column_border_width=&#8220;none&#8220; column_border_style=&#8220;solid&#8220;][vc_gallery type=&#8220;image_grid&#8220; images=&#8220;6867,6868,6869,6870,6871,6872,6873,6874,6875,6876,6877,6878,6879,6880,6881,6882&#8243; layout=&#8220;4&#8243; gallery_style=&#8220;5&#8243; load_in_animation=&#8220;none&#8220; img_size=&#8220;large&#8220;][\/vc_column_inner][\/vc_row_inner][\/vc_column][vc_column column_padding=&#8220;no-extra-padding&#8220; column_padding_position=&#8220;all&#8220; background_color_opacity=&#8220;1&#8243; background_hover_color_opacity=&#8220;1&#8243; column_shadow=&#8220;none&#8220; column_border_radius=&#8220;none&#8220; width=&#8220;1\/1&#8243; tablet_text_alignment=&#8220;default&#8220; phone_text_alignment=&#8220;default&#8220; column_border_width=&#8220;none&#8220; column_border_style=&#8220;solid&#8220;][vc_row_inner column_margin=&#8220;default&#8220; text_align=&#8220;left&#8220;][vc_column_inner column_padding=&#8220;no-extra-padding&#8220; column_padding_position=&#8220;all&#8220; background_color_opacity=&#8220;1&#8243; background_hover_color_opacity=&#8220;1&#8243; column_shadow=&#8220;none&#8220; column_border_radius=&#8220;none&#8220; width=&#8220;1\/1&#8243; column_border_width=&#8220;none&#8220; column_border_style=&#8220;solid&#8220; offset=&#8220;vc_hidden-sm vc_hidden-xs&#8220;][divider line_type=&#8220;Full Width Line&#8220; line_thickness=&#8220;1&#8243; divider_color=&#8220;accent-color&#8220; custom_height=&#8220;1&#8243;][\/vc_column_inner][\/vc_row_inner][vc_row_inner column_margin=&#8220;default&#8220; text_align=&#8220;left&#8220;][vc_column_inner column_padding=&#8220;no-extra-padding&#8220; column_padding_position=&#8220;all&#8220; background_color_opacity=&#8220;1&#8243; background_hover_color_opacity=&#8220;1&#8243; column_shadow=&#8220;none&#8220; column_border_radius=&#8220;none&#8220; el_class=&#8220;inspiration-text-col&#8220; width=&#8220;1\/1&#8243; column_border_width=&#8220;none&#8220; column_border_style=&#8220;solid&#8220;][vc_column_text css=&#8220;.vc_custom_1527499031485{margin-top: 60px !important;padding-bottom: 30px !important;}&#8220;]\n<p style=\"text-align: center;\">Fortsetzen Sie Ihre Reise durch unsere Designinspiration\u00a0Geschichten<\/p>\n[\/vc_column_text][\/vc_column_inner][\/vc_row_inner][vc_row_inner column_margin=&#8220;default&#8220; text_align=&#8220;left&#8220;][vc_column_inner column_padding=&#8220;no-extra-padding&#8220; column_padding_position=&#8220;all&#8220; background_color_opacity=&#8220;1&#8243; background_hover_color_opacity=&#8220;1&#8243; column_shadow=&#8220;none&#8220; column_border_radius=&#8220;none&#8220; bottom_margin=&#8220;40&#8243; width=&#8220;1\/1&#8243; column_border_width=&#8220;none&#8220; column_border_style=&#8220;solid&#8220; offset=&#8220;vc_hidden-sm vc_hidden-xs&#8220;][divider line_type=&#8220;Full Width Line&#8220; line_thickness=&#8220;1&#8243; divider_color=&#8220;accent-color&#8220; custom_height=&#8220;1&#8243;][\/vc_column_inner][\/vc_row_inner][\/vc_column][\/vc_row][vc_row type=&#8220;in_container&#8220; full_screen_row_position=&#8220;middle&#8220; scene_position=&#8220;center&#8220; text_color=&#8220;dark&#8220; text_align=&#8220;left&#8220; overlay_strength=&#8220;0.3&#8243; shape_divider_position=&#8220;bottom&#8220;][vc_column column_padding=&#8220;no-extra-padding&#8220; column_padding_position=&#8220;all&#8220; background_color_opacity=&#8220;1&#8243; background_hover_color_opacity=&#8220;1&#8243; column_shadow=&#8220;none&#8220; column_border_radius=&#8220;none&#8220; width=&#8220;1\/1&#8243; tablet_text_alignment=&#8220;default&#8220; phone_text_alignment=&#8220;default&#8220; column_border_width=&#8220;none&#8220; column_border_style=&#8220;solid&#8220;][vc_column_text]<div class=\"child_pages child_pages-large\"><\/div>[\/vc_column_text][\/vc_column][\/vc_row][vc_row type=&#8220;in_container&#8220; full_screen_row_position=&#8220;middle&#8220; scene_position=&#8220;center&#8220; text_color=&#8220;dark&#8220; text_align=&#8220;left&#8220; overlay_strength=&#8220;0.3&#8243; shape_divider_position=&#8220;bottom&#8220;][vc_column column_padding=&#8220;no-extra-padding&#8220; column_padding_position=&#8220;all&#8220; background_color_opacity=&#8220;1&#8243; background_hover_color_opacity=&#8220;1&#8243; column_shadow=&#8220;none&#8220; column_border_radius=&#8220;none&#8220; width=&#8220;1\/6&#8243; tablet_text_alignment=&#8220;default&#8220; phone_text_alignment=&#8220;default&#8220; column_border_width=&#8220;none&#8220; column_border_style=&#8220;solid&#8220;][\/vc_column][vc_column column_padding=&#8220;no-extra-padding&#8220; column_padding_position=&#8220;all&#8220; background_color_opacity=&#8220;1&#8243; background_hover_color_opacity=&#8220;1&#8243; column_shadow=&#8220;none&#8220; column_border_radius=&#8220;none&#8220; top_margin=&#8220;70&#8243; bottom_margin=&#8220;30&#8243; width=&#8220;2\/3&#8243; tablet_text_alignment=&#8220;default&#8220; phone_text_alignment=&#8220;default&#8220; column_border_width=&#8220;none&#8220; column_border_style=&#8220;solid&#8220;][divider line_type=&#8220;Full Width Line&#8220; line_thickness=&#8220;1&#8243; divider_color=&#8220;accent-color&#8220; custom_height=&#8220;1&#8243;][\/vc_column][vc_column column_padding=&#8220;no-extra-padding&#8220; column_padding_position=&#8220;all&#8220; background_color_opacity=&#8220;1&#8243; background_hover_color_opacity=&#8220;1&#8243; column_shadow=&#8220;none&#8220; column_border_radius=&#8220;none&#8220; width=&#8220;1\/6&#8243; tablet_text_alignment=&#8220;default&#8220; phone_text_alignment=&#8220;default&#8220; column_border_width=&#8220;none&#8220; column_border_style=&#8220;solid&#8220;][\/vc_column][\/vc_row]\n","protected":false},"excerpt":{"rendered":"<p>[vc_row type=&#8220;in_container&#8220; full_screen_row_position=&#8220;middle&#8220; scene_position=&#8220;center&#8220; text_color=&#8220;dark&#8220; text_align=&#8220;left&#8220; overlay_strength=&#8220;0.3&#8243; shape_divider_position=&#8220;bottom&#8220;][vc_column column_padding=&#8220;no-extra-padding&#8220; column_padding_position=&#8220;all&#8220; background_color_opacity=&#8220;1&#8243; background_hover_color_opacity=&#8220;1&#8243; column_shadow=&#8220;none&#8220; column_border_radius=&#8220;none&#8220; width=&#8220;1\/1&#8243;&#8230;<\/p>\n","protected":false},"author":1,"featured_media":10724,"parent":8370,"menu_order":6,"comment_status":"closed","ping_status":"closed","template":"","meta":{"_acf_changed":false,"inline_featured_image":false,"footnotes":""},"class_list":["post-9167","page","type-page","status-publish","has-post-thumbnail"],"acf":[],"yoast_head":"<!-- This site is optimized with the Yoast SEO plugin v27.3 - https:\/\/yoast.com\/product\/yoast-seo-wordpress\/ -->\n<title>Dansk Wilton Designinspiration f\u00fcr Teppichb\u00f6den: NEW EAST<\/title>\n<meta name=\"description\" content=\"Teppichb\u00f6dendesigns inspiriert von dem frischen Design- und Architekturstil des modernen Osteuropa. \u00dcberraschende Interpretationen traditioneller Muster.\" \/>\n<meta name=\"robots\" content=\"index, follow, max-snippet:-1, max-image-preview:large, max-video-preview:-1\" \/>\n<link rel=\"canonical\" href=\"https:\/\/danskwilton.com\/de\/design-inspiration\/new-east\/\" \/>\n<meta property=\"og:locale\" content=\"de_DE\" \/>\n<meta property=\"og:type\" content=\"article\" \/>\n<meta property=\"og:title\" content=\"Dansk Wilton Designinspiration f\u00fcr Teppichb\u00f6den: NEW EAST\" \/>\n<meta property=\"og:description\" content=\"Teppichb\u00f6dendesigns inspiriert von dem frischen Design- und Architekturstil des modernen Osteuropa. \u00dcberraschende Interpretationen traditioneller Muster.\" \/>\n<meta property=\"og:url\" content=\"https:\/\/danskwilton.com\/de\/design-inspiration\/new-east\/\" \/>\n<meta property=\"og:site_name\" content=\"Dansk Wilton\" \/>\n<meta property=\"article:modified_time\" content=\"2018-11-23T15:01:10+00:00\" \/>\n<meta property=\"og:image\" content=\"https:\/\/danskwilton.com\/wp-content\/uploads\/2018\/06\/new-east-head.jpg\" \/>\n\t<meta property=\"og:image:width\" content=\"1980\" \/>\n\t<meta property=\"og:image:height\" content=\"823\" \/>\n\t<meta property=\"og:image:type\" content=\"image\/jpeg\" \/>\n<meta name=\"twitter:card\" content=\"summary_large_image\" \/>\n<meta name=\"twitter:label1\" content=\"Gesch\u00e4tzte Lesezeit\" \/>\n\t<meta name=\"twitter:data1\" content=\"5\u00a0Minuten\" \/>\n<script type=\"application\/ld+json\" class=\"yoast-schema-graph\">{\"@context\":\"https:\\\/\\\/schema.org\",\"@graph\":[{\"@type\":\"WebPage\",\"@id\":\"https:\\\/\\\/danskwilton.com\\\/de\\\/design-inspiration\\\/new-east\\\/\",\"url\":\"https:\\\/\\\/danskwilton.com\\\/de\\\/design-inspiration\\\/new-east\\\/\",\"name\":\"Dansk Wilton Designinspiration f\u00fcr Teppichb\u00f6den: NEW EAST\",\"isPartOf\":{\"@id\":\"https:\\\/\\\/danskwilton.com\\\/#website\"},\"primaryImageOfPage\":{\"@id\":\"https:\\\/\\\/danskwilton.com\\\/de\\\/design-inspiration\\\/new-east\\\/#primaryimage\"},\"image\":{\"@id\":\"https:\\\/\\\/danskwilton.com\\\/de\\\/design-inspiration\\\/new-east\\\/#primaryimage\"},\"thumbnailUrl\":\"https:\\\/\\\/danskwilton.com\\\/wp-content\\\/uploads\\\/2018\\\/06\\\/new-east-head.jpg\",\"datePublished\":\"2018-01-29T11:29:54+00:00\",\"dateModified\":\"2018-11-23T15:01:10+00:00\",\"description\":\"Teppichb\u00f6dendesigns inspiriert von dem frischen Design- und Architekturstil des modernen Osteuropa. \u00dcberraschende Interpretationen traditioneller Muster.\",\"breadcrumb\":{\"@id\":\"https:\\\/\\\/danskwilton.com\\\/de\\\/design-inspiration\\\/new-east\\\/#breadcrumb\"},\"inLanguage\":\"de\",\"potentialAction\":[{\"@type\":\"ReadAction\",\"target\":[\"https:\\\/\\\/danskwilton.com\\\/de\\\/design-inspiration\\\/new-east\\\/\"]}]},{\"@type\":\"ImageObject\",\"inLanguage\":\"de\",\"@id\":\"https:\\\/\\\/danskwilton.com\\\/de\\\/design-inspiration\\\/new-east\\\/#primaryimage\",\"url\":\"https:\\\/\\\/danskwilton.com\\\/wp-content\\\/uploads\\\/2018\\\/06\\\/new-east-head.jpg\",\"contentUrl\":\"https:\\\/\\\/danskwilton.com\\\/wp-content\\\/uploads\\\/2018\\\/06\\\/new-east-head.jpg\",\"width\":1980,\"height\":823,\"caption\":\"Get inspired by the new east for you carpet solutions from Dansk Wilton\"},{\"@type\":\"BreadcrumbList\",\"@id\":\"https:\\\/\\\/danskwilton.com\\\/de\\\/design-inspiration\\\/new-east\\\/#breadcrumb\",\"itemListElement\":[{\"@type\":\"ListItem\",\"position\":1,\"name\":\"Home\",\"item\":\"https:\\\/\\\/danskwilton.com\\\/de\\\/frontpage\\\/\"},{\"@type\":\"ListItem\",\"position\":2,\"name\":\"Design Inspiration\",\"item\":\"https:\\\/\\\/danskwilton.com\\\/de\\\/design-inspiration\\\/\"},{\"@type\":\"ListItem\",\"position\":3,\"name\":\"New East\"}]},{\"@type\":\"WebSite\",\"@id\":\"https:\\\/\\\/danskwilton.com\\\/#website\",\"url\":\"https:\\\/\\\/danskwilton.com\\\/\",\"name\":\"Dansk Wilton\",\"description\":\"Custom Designed Carpets\",\"potentialAction\":[{\"@type\":\"SearchAction\",\"target\":{\"@type\":\"EntryPoint\",\"urlTemplate\":\"https:\\\/\\\/danskwilton.com\\\/?s={search_term_string}\"},\"query-input\":{\"@type\":\"PropertyValueSpecification\",\"valueRequired\":true,\"valueName\":\"search_term_string\"}}],\"inLanguage\":\"de\"}]}<\/script>\n<!-- \/ Yoast SEO plugin. -->","yoast_head_json":{"title":"Dansk Wilton Designinspiration f\u00fcr Teppichb\u00f6den: NEW EAST","description":"Teppichb\u00f6dendesigns inspiriert von dem frischen Design- und Architekturstil des modernen Osteuropa. \u00dcberraschende Interpretationen traditioneller Muster.","robots":{"index":"index","follow":"follow","max-snippet":"max-snippet:-1","max-image-preview":"max-image-preview:large","max-video-preview":"max-video-preview:-1"},"canonical":"https:\/\/danskwilton.com\/de\/design-inspiration\/new-east\/","og_locale":"de_DE","og_type":"article","og_title":"Dansk Wilton Designinspiration f\u00fcr Teppichb\u00f6den: NEW EAST","og_description":"Teppichb\u00f6dendesigns inspiriert von dem frischen Design- und Architekturstil des modernen Osteuropa. \u00dcberraschende Interpretationen traditioneller Muster.","og_url":"https:\/\/danskwilton.com\/de\/design-inspiration\/new-east\/","og_site_name":"Dansk Wilton","article_modified_time":"2018-11-23T15:01:10+00:00","og_image":[{"width":1980,"height":823,"url":"https:\/\/danskwilton.com\/wp-content\/uploads\/2018\/06\/new-east-head.jpg","type":"image\/jpeg"}],"twitter_card":"summary_large_image","twitter_misc":{"Gesch\u00e4tzte Lesezeit":"5\u00a0Minuten"},"schema":{"@context":"https:\/\/schema.org","@graph":[{"@type":"WebPage","@id":"https:\/\/danskwilton.com\/de\/design-inspiration\/new-east\/","url":"https:\/\/danskwilton.com\/de\/design-inspiration\/new-east\/","name":"Dansk Wilton Designinspiration f\u00fcr Teppichb\u00f6den: NEW EAST","isPartOf":{"@id":"https:\/\/danskwilton.com\/#website"},"primaryImageOfPage":{"@id":"https:\/\/danskwilton.com\/de\/design-inspiration\/new-east\/#primaryimage"},"image":{"@id":"https:\/\/danskwilton.com\/de\/design-inspiration\/new-east\/#primaryimage"},"thumbnailUrl":"https:\/\/danskwilton.com\/wp-content\/uploads\/2018\/06\/new-east-head.jpg","datePublished":"2018-01-29T11:29:54+00:00","dateModified":"2018-11-23T15:01:10+00:00","description":"Teppichb\u00f6dendesigns inspiriert von dem frischen Design- und Architekturstil des modernen Osteuropa. \u00dcberraschende Interpretationen traditioneller Muster.","breadcrumb":{"@id":"https:\/\/danskwilton.com\/de\/design-inspiration\/new-east\/#breadcrumb"},"inLanguage":"de","potentialAction":[{"@type":"ReadAction","target":["https:\/\/danskwilton.com\/de\/design-inspiration\/new-east\/"]}]},{"@type":"ImageObject","inLanguage":"de","@id":"https:\/\/danskwilton.com\/de\/design-inspiration\/new-east\/#primaryimage","url":"https:\/\/danskwilton.com\/wp-content\/uploads\/2018\/06\/new-east-head.jpg","contentUrl":"https:\/\/danskwilton.com\/wp-content\/uploads\/2018\/06\/new-east-head.jpg","width":1980,"height":823,"caption":"Get inspired by the new east for you carpet solutions from Dansk Wilton"},{"@type":"BreadcrumbList","@id":"https:\/\/danskwilton.com\/de\/design-inspiration\/new-east\/#breadcrumb","itemListElement":[{"@type":"ListItem","position":1,"name":"Home","item":"https:\/\/danskwilton.com\/de\/frontpage\/"},{"@type":"ListItem","position":2,"name":"Design Inspiration","item":"https:\/\/danskwilton.com\/de\/design-inspiration\/"},{"@type":"ListItem","position":3,"name":"New East"}]},{"@type":"WebSite","@id":"https:\/\/danskwilton.com\/#website","url":"https:\/\/danskwilton.com\/","name":"Dansk Wilton","description":"Custom Designed Carpets","potentialAction":[{"@type":"SearchAction","target":{"@type":"EntryPoint","urlTemplate":"https:\/\/danskwilton.com\/?s={search_term_string}"},"query-input":{"@type":"PropertyValueSpecification","valueRequired":true,"valueName":"search_term_string"}}],"inLanguage":"de"}]}},"_links":{"self":[{"href":"https:\/\/danskwilton.com\/de\/wp-json\/wp\/v2\/pages\/9167","targetHints":{"allow":["GET"]}}],"collection":[{"href":"https:\/\/danskwilton.com\/de\/wp-json\/wp\/v2\/pages"}],"about":[{"href":"https:\/\/danskwilton.com\/de\/wp-json\/wp\/v2\/types\/page"}],"author":[{"embeddable":true,"href":"https:\/\/danskwilton.com\/de\/wp-json\/wp\/v2\/users\/1"}],"replies":[{"embeddable":true,"href":"https:\/\/danskwilton.com\/de\/wp-json\/wp\/v2\/comments?post=9167"}],"version-history":[{"count":0,"href":"https:\/\/danskwilton.com\/de\/wp-json\/wp\/v2\/pages\/9167\/revisions"}],"up":[{"embeddable":true,"href":"https:\/\/danskwilton.com\/de\/wp-json\/wp\/v2\/pages\/8370"}],"wp:featuredmedia":[{"embeddable":true,"href":"https:\/\/danskwilton.com\/de\/wp-json\/wp\/v2\/media\/10724"}],"wp:attachment":[{"href":"https:\/\/danskwilton.com\/de\/wp-json\/wp\/v2\/media?parent=9167"}],"curies":[{"name":"wp","href":"https:\/\/api.w.org\/{rel}","templated":true}]}}